{"id":904,"date":"2023-02-17T13:08:47","date_gmt":"2023-02-17T12:08:47","guid":{"rendered":"http:\/\/ecorenobat.fr\/?page_id=904"},"modified":"2025-12-16T14:49:21","modified_gmt":"2025-12-16T13:49:21","slug":"installation-de-chaudiere","status":"publish","type":"page","link":"https:\/\/ecorenobat.fr\/?page_id=904","title":{"rendered":"Installation de chaudi\u00e8re"},"content":{"rendered":"\t\t<div data-elementor-type=\"wp-page\" data-elementor-id=\"904\" class=\"elementor elementor-904\" data-elementor-post-type=\"page\">\n\t\t\t\t\t\t<section class=\"elementor-section elementor-top-section elementor-element elementor-element-18b2326 elementor-section-boxed elementor-section-height-default elementor-section-height-default\" data-id=\"18b2326\" data-element_type=\"section\">\n\t\t\t\t\t\t<div class=\"elementor-container elementor-column-gap-default\">\n\t\t\t\t\t<div class=\"elementor-column elementor-col-100 elementor-top-column elementor-element elementor-element-c667a88\" data-id=\"c667a88\" data-element_type=\"column\">\n\t\t\t<div class=\"elementor-widget-wrap elementor-element-populated\">\n\t\t\t\t\t\t<div class=\"elementor-element elementor-element-0405d57 elementor-widget elementor-widget-heading\" data-id=\"0405d57\" data-element_type=\"widget\" data-widget_type=\"heading.default\">\n\t\t\t\t<div class=\"elementor-widget-container\">\n\t\t\t\t\t<h1 class=\"elementor-heading-title elementor-size-default\">Chantier d'installation de chaudi\u00e8re <\/h1>\t\t\t\t<\/div>\n\t\t\t\t<\/div>\n\t\t\t\t\t<\/div>\n\t\t<\/div>\n\t\t\t\t\t<\/div>\n\t\t<\/section>\n\t\t\t\t<section class=\"elementor-section elementor-top-section elementor-element elementor-element-a2aa228 elementor-section-boxed elementor-section-height-default elementor-section-height-default\" data-id=\"a2aa228\" data-element_type=\"section\">\n\t\t\t\t\t\t<div class=\"elementor-container elementor-column-gap-default\">\n\t\t\t\t\t<div class=\"elementor-column elementor-col-100 elementor-top-column elementor-element elementor-element-3e95d43\" data-id=\"3e95d43\" data-element_type=\"column\">\n\t\t\t<div class=\"elementor-widget-wrap elementor-element-populated\">\n\t\t\t\t\t\t<div class=\"elementor-element elementor-element-8fb2168 elementor-widget elementor-widget-spacer\" data-id=\"8fb2168\" data-element_type=\"widget\" data-widget_type=\"spacer.default\">\n\t\t\t\t<div class=\"elementor-widget-container\">\n\t\t\t\t\t\t\t<div class=\"elementor-spacer\">\n\t\t\t<div class=\"elementor-spacer-inner\"><\/div>\n\t\t<\/div>\n\t\t\t\t\t\t<\/div>\n\t\t\t\t<\/div>\n\t\t\t\t\t<\/div>\n\t\t<\/div>\n\t\t\t\t\t<\/div>\n\t\t<\/section>\n\t\t\t\t<section class=\"elementor-section elementor-top-section elementor-element elementor-element-d8582d3 elementor-section-boxed elementor-section-height-default elementor-section-height-default\" data-id=\"d8582d3\" data-element_type=\"section\">\n\t\t\t\t\t\t<div class=\"elementor-container elementor-column-gap-default\">\n\t\t\t\t\t<div class=\"elementor-column elementor-col-100 elementor-top-column elementor-element elementor-element-e9a82d8\" data-id=\"e9a82d8\" data-element_type=\"column\">\n\t\t\t<div class=\"elementor-widget-wrap elementor-element-populated\">\n\t\t\t\t\t\t<div class=\"elementor-element elementor-element-08c7984 elementor-widget elementor-widget-text-editor\" data-id=\"08c7984\" data-element_type=\"widget\" data-widget_type=\"text-editor.default\">\n\t\t\t\t<div class=\"elementor-widget-container\">\n\t\t\t\t\t\t\t\t\t<p>Les travaux \u00e9taient de remplacer l&rsquo;ancienne chaudi\u00e8re dysfonctionnelle par une nouvelle.\u00a0<\/p><p>Le chantier a d\u00e9marr\u00e9 par le d\u00e9montage de l&rsquo;ancienne chaudi\u00e8re. Ensuite, nous avons chang\u00e9 les tuyaux \u00e9tant donn\u00e9 qu&rsquo;il n&rsquo;\u00e9tait pas adapt\u00e9 \u00e0 la nouvelle chaudi\u00e8re mais aussi l&#8217;emplacement de celle-ci afin qu&rsquo;elle fonctionne correctement. Puis apr\u00e8s avoir remplac\u00e9 les tuyaux, nous avons raccord\u00e9 et installer la nouvelle chaudi\u00e8re.\u00a0<\/p>\t\t\t\t\t\t\t\t<\/div>\n\t\t\t\t<\/div>\n\t\t\t\t\t<\/div>\n\t\t<\/div>\n\t\t\t\t\t<\/div>\n\t\t<\/section>\n\t\t\t\t<section class=\"elementor-section elementor-top-section elementor-element elementor-element-661372d elementor-section-boxed elementor-section-height-default elementor-section-height-default\" data-id=\"661372d\" data-element_type=\"section\">\n\t\t\t\t\t\t<div class=\"elementor-container elementor-column-gap-default\">\n\t\t\t\t\t<div class=\"elementor-column elementor-col-100 elementor-top-column elementor-element elementor-element-64b7dc5\" data-id=\"64b7dc5\" data-element_type=\"column\">\n\t\t\t<div class=\"elementor-widget-wrap elementor-element-populated\">\n\t\t\t\t\t\t<div class=\"elementor-element elementor-element-361c690 elementor-widget elementor-widget-spacer\" data-id=\"361c690\" data-element_type=\"widget\" data-widget_type=\"spacer.default\">\n\t\t\t\t<div class=\"elementor-widget-container\">\n\t\t\t\t\t\t\t<div class=\"elementor-spacer\">\n\t\t\t<div class=\"elementor-spacer-inner\"><\/div>\n\t\t<\/div>\n\t\t\t\t\t\t<\/div>\n\t\t\t\t<\/div>\n\t\t\t\t\t<\/div>\n\t\t<\/div>\n\t\t\t\t\t<\/div>\n\t\t<\/section>\n\t\t\t\t<section class=\"elementor-section elementor-top-section elementor-element elementor-element-4dd8862 elementor-section-boxed elementor-section-height-default elementor-section-height-default\" data-id=\"4dd8862\" data-element_type=\"section\">\n\t\t\t\t\t\t<div class=\"elementor-container elementor-column-gap-default\">\n\t\t\t\t\t<div class=\"elementor-column elementor-col-100 elementor-top-column elementor-element elementor-element-896c376\" data-id=\"896c376\" data-element_type=\"column\">\n\t\t\t<div class=\"elementor-widget-wrap elementor-element-populated\">\n\t\t\t\t\t\t<div class=\"elementor-element elementor-element-3d95c3f elementor-widget elementor-widget-heading\" data-id=\"3d95c3f\" data-element_type=\"widget\" data-widget_type=\"heading.default\">\n\t\t\t\t<div class=\"elementor-widget-container\">\n\t\t\t\t\t<h2 class=\"elementor-heading-title elementor-size-default\">L'ancienne chaudi\u00e8re :<\/h2>\t\t\t\t<\/div>\n\t\t\t\t<\/div>\n\t\t\t\t<div class=\"elementor-element elementor-element-c073763 elementor-widget elementor-widget-spacer\" data-id=\"c073763\" data-element_type=\"widget\" data-widget_type=\"spacer.default\">\n\t\t\t\t<div class=\"elementor-widget-container\">\n\t\t\t\t\t\t\t<div class=\"elementor-spacer\">\n\t\t\t<div class=\"elementor-spacer-inner\"><\/div>\n\t\t<\/div>\n\t\t\t\t\t\t<\/div>\n\t\t\t\t<\/div>\n\t\t\t\t\t<\/div>\n\t\t<\/div>\n\t\t\t\t\t<\/div>\n\t\t<\/section>\n\t\t\t\t<section class=\"elementor-section elementor-top-section elementor-element elementor-element-7c94c88 elementor-section-boxed elementor-section-height-default elementor-section-height-default\" data-id=\"7c94c88\" data-element_type=\"section\">\n\t\t\t\t\t\t<div class=\"elementor-container elementor-column-gap-default\">\n\t\t\t\t\t<div class=\"elementor-column elementor-col-50 elementor-top-column elementor-element elementor-element-63a73a4\" data-id=\"63a73a4\" data-element_type=\"column\">\n\t\t\t<div class=\"elementor-widget-wrap elementor-element-populated\">\n\t\t\t\t\t\t<div class=\"elementor-element elementor-element-aa1964c elementor-widget elementor-widget-image\" data-id=\"aa1964c\" data-element_type=\"widget\" data-widget_type=\"image.default\">\n\t\t\t\t<div class=\"elementor-widget-container\">\n\t\t\t\t\t\t\t\t\t\t\t\t\t\t\t<img fetchpriority=\"high\" decoding=\"async\" width=\"225\" height=\"300\" src=\"https:\/\/ecorenobat.fr\/wp-content\/uploads\/2023\/02\/IMG_0966-225x300.jpg\" class=\"attachment-medium size-medium wp-image-920\" alt=\"\" srcset=\"https:\/\/ecorenobat.fr\/wp-content\/uploads\/2023\/02\/IMG_0966-225x300.jpg 225w, https:\/\/ecorenobat.fr\/wp-content\/uploads\/2023\/02\/IMG_0966-768x1024.jpg 768w, https:\/\/ecorenobat.fr\/wp-content\/uploads\/2023\/02\/IMG_0966-1152x1536.jpg 1152w, https:\/\/ecorenobat.fr\/wp-content\/uploads\/2023\/02\/IMG_0966-rotated.jpg 1512w\" sizes=\"(max-width: 225px) 100vw, 225px\" \/>\t\t\t\t\t\t\t\t\t\t\t\t\t\t\t<\/div>\n\t\t\t\t<\/div>\n\t\t\t\t\t<\/div>\n\t\t<\/div>\n\t\t\t\t<div class=\"elementor-column elementor-col-50 elementor-top-column elementor-element elementor-element-7c4ef79\" data-id=\"7c4ef79\" data-element_type=\"column\">\n\t\t\t<div class=\"elementor-widget-wrap elementor-element-populated\">\n\t\t\t\t\t\t<div class=\"elementor-element elementor-element-cebd427 elementor-widget elementor-widget-image\" data-id=\"cebd427\" data-element_type=\"widget\" data-widget_type=\"image.default\">\n\t\t\t\t<div class=\"elementor-widget-container\">\n\t\t\t\t\t\t\t\t\t\t\t\t\t\t\t<img decoding=\"async\" width=\"225\" height=\"300\" src=\"https:\/\/ecorenobat.fr\/wp-content\/uploads\/2023\/02\/IMG_0967-225x300.jpg\" class=\"attachment-medium size-medium wp-image-921\" alt=\"\" srcset=\"https:\/\/ecorenobat.fr\/wp-content\/uploads\/2023\/02\/IMG_0967-225x300.jpg 225w, https:\/\/ecorenobat.fr\/wp-content\/uploads\/2023\/02\/IMG_0967-768x1024.jpg 768w, https:\/\/ecorenobat.fr\/wp-content\/uploads\/2023\/02\/IMG_0967-1152x1536.jpg 1152w, https:\/\/ecorenobat.fr\/wp-content\/uploads\/2023\/02\/IMG_0967-rotated.jpg 1512w\" sizes=\"(max-width: 225px) 100vw, 225px\" \/>\t\t\t\t\t\t\t\t\t\t\t\t\t\t\t<\/div>\n\t\t\t\t<\/div>\n\t\t\t\t\t<\/div>\n\t\t<\/div>\n\t\t\t\t\t<\/div>\n\t\t<\/section>\n\t\t\t\t<section class=\"elementor-section elementor-top-section elementor-element elementor-element-e19e973 elementor-section-boxed elementor-section-height-default elementor-section-height-default\" data-id=\"e19e973\" data-element_type=\"section\">\n\t\t\t\t\t\t<div class=\"elementor-container elementor-column-gap-default\">\n\t\t\t\t\t<div class=\"elementor-column elementor-col-100 elementor-top-column elementor-element elementor-element-9a4278b\" data-id=\"9a4278b\" data-element_type=\"column\">\n\t\t\t<div class=\"elementor-widget-wrap elementor-element-populated\">\n\t\t\t\t\t\t<div class=\"elementor-element elementor-element-f5d2627 elementor-widget elementor-widget-spacer\" data-id=\"f5d2627\" data-element_type=\"widget\" data-widget_type=\"spacer.default\">\n\t\t\t\t<div class=\"elementor-widget-container\">\n\t\t\t\t\t\t\t<div class=\"elementor-spacer\">\n\t\t\t<div class=\"elementor-spacer-inner\"><\/div>\n\t\t<\/div>\n\t\t\t\t\t\t<\/div>\n\t\t\t\t<\/div>\n\t\t\t\t\t<\/div>\n\t\t<\/div>\n\t\t\t\t\t<\/div>\n\t\t<\/section>\n\t\t\t\t<section class=\"elementor-section elementor-top-section elementor-element elementor-element-f99264b elementor-section-boxed elementor-section-height-default elementor-section-height-default\" data-id=\"f99264b\" data-element_type=\"section\">\n\t\t\t\t\t\t<div class=\"elementor-container elementor-column-gap-default\">\n\t\t\t\t\t<div class=\"elementor-column elementor-col-100 elementor-top-column elementor-element elementor-element-f7ff807\" data-id=\"f7ff807\" data-element_type=\"column\">\n\t\t\t<div class=\"elementor-widget-wrap elementor-element-populated\">\n\t\t\t\t\t\t<div class=\"elementor-element elementor-element-b19713d elementor-widget elementor-widget-heading\" data-id=\"b19713d\" data-element_type=\"widget\" data-widget_type=\"heading.default\">\n\t\t\t\t<div class=\"elementor-widget-container\">\n\t\t\t\t\t<h2 class=\"elementor-heading-title elementor-size-default\">Apr\u00e8s les travaux et l'installation de la nouvelle chaudi\u00e8re :<\/h2>\t\t\t\t<\/div>\n\t\t\t\t<\/div>\n\t\t\t\t<div class=\"elementor-element elementor-element-32a7668 elementor-widget elementor-widget-spacer\" data-id=\"32a7668\" data-element_type=\"widget\" data-widget_type=\"spacer.default\">\n\t\t\t\t<div class=\"elementor-widget-container\">\n\t\t\t\t\t\t\t<div class=\"elementor-spacer\">\n\t\t\t<div class=\"elementor-spacer-inner\"><\/div>\n\t\t<\/div>\n\t\t\t\t\t\t<\/div>\n\t\t\t\t<\/div>\n\t\t\t\t\t<\/div>\n\t\t<\/div>\n\t\t\t\t\t<\/div>\n\t\t<\/section>\n\t\t\t\t<section class=\"elementor-section elementor-top-section elementor-element elementor-element-0bafed5 elementor-section-boxed elementor-section-height-default elementor-section-height-default\" data-id=\"0bafed5\" data-element_type=\"section\">\n\t\t\t\t\t\t<div class=\"elementor-container elementor-column-gap-default\">\n\t\t\t\t\t<div class=\"elementor-column elementor-col-100 elementor-top-column elementor-element elementor-element-a942933\" data-id=\"a942933\" data-element_type=\"column\">\n\t\t\t<div class=\"elementor-widget-wrap elementor-element-populated\">\n\t\t\t\t\t\t<div class=\"elementor-element elementor-element-8fcafb1 elementor-widget elementor-widget-image\" data-id=\"8fcafb1\" data-element_type=\"widget\" data-widget_type=\"image.default\">\n\t\t\t\t<div class=\"elementor-widget-container\">\n\t\t\t\t\t\t\t\t\t\t\t\t\t\t\t<img decoding=\"async\" width=\"300\" height=\"225\" src=\"https:\/\/ecorenobat.fr\/wp-content\/uploads\/2023\/02\/IMG_2373-300x225.jpg\" class=\"attachment-medium size-medium wp-image-922\" alt=\"\" srcset=\"https:\/\/ecorenobat.fr\/wp-content\/uploads\/2023\/02\/IMG_2373-300x225.jpg 300w, https:\/\/ecorenobat.fr\/wp-content\/uploads\/2023\/02\/IMG_2373-1024x768.jpg 1024w, https:\/\/ecorenobat.fr\/wp-content\/uploads\/2023\/02\/IMG_2373-768x576.jpg 768w, https:\/\/ecorenobat.fr\/wp-content\/uploads\/2023\/02\/IMG_2373-1536x1152.jpg 1536w, https:\/\/ecorenobat.fr\/wp-content\/uploads\/2023\/02\/IMG_2373.jpg 2016w\" sizes=\"(max-width: 300px) 100vw, 300px\" \/>\t\t\t\t\t\t\t\t\t\t\t\t\t\t\t<\/div>\n\t\t\t\t<\/div>\n\t\t\t\t\t<\/div>\n\t\t<\/div>\n\t\t\t\t\t<\/div>\n\t\t<\/section>\n\t\t\t\t<\/div>\n\t\t","protected":false},"excerpt":{"rendered":"<p>Chantier d&rsquo;installation de chaudi\u00e8re Les travaux \u00e9taient de remplacer l&rsquo;ancienne chaudi\u00e8re dysfonctionnelle par une nouvelle.\u00a0 Le chantier a d\u00e9marr\u00e9 par le d\u00e9montage de l&rsquo;ancienne chaudi\u00e8re. Ensuite, nous avons chang\u00e9 les tuyaux \u00e9tant donn\u00e9 qu&rsquo;il n&rsquo;\u00e9tait pas adapt\u00e9 \u00e0 la nouvelle chaudi\u00e8re mais aussi l&#8217;emplacement de celle-ci afin qu&rsquo;elle fonctionne correctement. Puis apr\u00e8s avoir remplac\u00e9 les [&hellip;]<\/p>\n","protected":false},"author":1,"featured_media":0,"parent":0,"menu_order":0,"comment_status":"closed","ping_status":"closed","template":"","meta":{"footnotes":""},"class_list":["post-904","page","type-page","status-publish","hentry"],"_links":{"self":[{"href":"https:\/\/ecorenobat.fr\/index.php?rest_route=\/wp\/v2\/pages\/904","targetHints":{"allow":["GET"]}}],"collection":[{"href":"https:\/\/ecorenobat.fr\/index.php?rest_route=\/wp\/v2\/pages"}],"about":[{"href":"https:\/\/ecorenobat.fr\/index.php?rest_route=\/wp\/v2\/types\/page"}],"author":[{"embeddable":true,"href":"https:\/\/ecorenobat.fr\/index.php?rest_route=\/wp\/v2\/users\/1"}],"replies":[{"embeddable":true,"href":"https:\/\/ecorenobat.fr\/index.php?rest_route=%2Fwp%2Fv2%2Fcomments&post=904"}],"version-history":[{"count":24,"href":"https:\/\/ecorenobat.fr\/index.php?rest_route=\/wp\/v2\/pages\/904\/revisions"}],"predecessor-version":[{"id":1238,"href":"https:\/\/ecorenobat.fr\/index.php?rest_route=\/wp\/v2\/pages\/904\/revisions\/1238"}],"wp:attachment":[{"href":"https:\/\/ecorenobat.fr\/index.php?rest_route=%2Fwp%2Fv2%2Fmedia&parent=904"}],"curies":[{"name":"wp","href":"https:\/\/api.w.org\/{rel}","templated":true}]}}