{"id":876,"date":"2023-02-17T12:24:46","date_gmt":"2023-02-17T11:24:46","guid":{"rendered":"http:\/\/ecorenobat.fr\/?page_id=876"},"modified":"2025-12-16T14:28:28","modified_gmt":"2025-12-16T13:28:28","slug":"remplacement-de-porte","status":"publish","type":"page","link":"https:\/\/ecorenobat.fr\/?page_id=876","title":{"rendered":"Remplacement de porte"},"content":{"rendered":"\t\t<div data-elementor-type=\"wp-page\" data-elementor-id=\"876\" class=\"elementor elementor-876\" data-elementor-post-type=\"page\">\n\t\t\t\t\t\t<section class=\"elementor-section elementor-top-section elementor-element elementor-element-3880d7a elementor-section-boxed elementor-section-height-default elementor-section-height-default\" data-id=\"3880d7a\" data-element_type=\"section\">\n\t\t\t\t\t\t<div class=\"elementor-container elementor-column-gap-default\">\n\t\t\t\t\t<div class=\"elementor-column elementor-col-100 elementor-top-column elementor-element elementor-element-3db6968\" data-id=\"3db6968\" data-element_type=\"column\">\n\t\t\t<div class=\"elementor-widget-wrap elementor-element-populated\">\n\t\t\t\t\t\t<div class=\"elementor-element elementor-element-6ed2890 elementor-widget elementor-widget-heading\" data-id=\"6ed2890\" data-element_type=\"widget\" data-widget_type=\"heading.default\">\n\t\t\t\t<div class=\"elementor-widget-container\">\n\t\t\t\t\t<h1 class=\"elementor-heading-title elementor-size-default\">Chantier de remplacement de porte \u00e0 l'identique<\/h1>\t\t\t\t<\/div>\n\t\t\t\t<\/div>\n\t\t\t\t\t<\/div>\n\t\t<\/div>\n\t\t\t\t\t<\/div>\n\t\t<\/section>\n\t\t\t\t<section class=\"elementor-section elementor-top-section elementor-element elementor-element-4d71cec elementor-section-boxed elementor-section-height-default elementor-section-height-default\" data-id=\"4d71cec\" data-element_type=\"section\">\n\t\t\t\t\t\t<div class=\"elementor-container elementor-column-gap-default\">\n\t\t\t\t\t<div class=\"elementor-column elementor-col-100 elementor-top-column elementor-element elementor-element-590ea08\" data-id=\"590ea08\" data-element_type=\"column\">\n\t\t\t<div class=\"elementor-widget-wrap elementor-element-populated\">\n\t\t\t\t\t\t<div class=\"elementor-element elementor-element-ac39c20 elementor-widget elementor-widget-spacer\" data-id=\"ac39c20\" data-element_type=\"widget\" data-widget_type=\"spacer.default\">\n\t\t\t\t<div class=\"elementor-widget-container\">\n\t\t\t\t\t\t\t<div class=\"elementor-spacer\">\n\t\t\t<div class=\"elementor-spacer-inner\"><\/div>\n\t\t<\/div>\n\t\t\t\t\t\t<\/div>\n\t\t\t\t<\/div>\n\t\t\t\t\t<\/div>\n\t\t<\/div>\n\t\t\t\t\t<\/div>\n\t\t<\/section>\n\t\t\t\t<section class=\"elementor-section elementor-top-section elementor-element elementor-element-b46e62b elementor-section-boxed elementor-section-height-default elementor-section-height-default\" data-id=\"b46e62b\" data-element_type=\"section\">\n\t\t\t\t\t\t<div class=\"elementor-container elementor-column-gap-default\">\n\t\t\t\t\t<div class=\"elementor-column elementor-col-100 elementor-top-column elementor-element elementor-element-5ff4c77\" data-id=\"5ff4c77\" data-element_type=\"column\">\n\t\t\t<div class=\"elementor-widget-wrap elementor-element-populated\">\n\t\t\t\t\t\t<div class=\"elementor-element elementor-element-e7009dc elementor-widget elementor-widget-text-editor\" data-id=\"e7009dc\" data-element_type=\"widget\" data-widget_type=\"text-editor.default\">\n\t\t\t\t<div class=\"elementor-widget-container\">\n\t\t\t\t\t\t\t\t\t<p>Le chantier \u00e9tait de remplacer une ancienne porte usag\u00e9e par une nouvelle. Contrainte, le propri\u00e9taire de la maison souhaitait conserver une porte similaire \u00e0 celle qu&rsquo;il avait pour laisser sa maison dans le m\u00eame\u00a0style.\u00a0<\/p><p>Nous avons commenc\u00e9 le chantier par d\u00e9monter l&rsquo;ancienne porte et retirer le ch\u00e2ssis\u00a0de celle-ci et puis apr\u00e8s nous avons installer le nouveau b\u00e2ti et monter la nouvelle porte.\u00a0<\/p>\t\t\t\t\t\t\t\t<\/div>\n\t\t\t\t<\/div>\n\t\t\t\t\t<\/div>\n\t\t<\/div>\n\t\t\t\t\t<\/div>\n\t\t<\/section>\n\t\t\t\t<section class=\"elementor-section elementor-top-section elementor-element elementor-element-df2882d elementor-section-boxed elementor-section-height-default elementor-section-height-default\" data-id=\"df2882d\" data-element_type=\"section\">\n\t\t\t\t\t\t<div class=\"elementor-container elementor-column-gap-default\">\n\t\t\t\t\t<div class=\"elementor-column elementor-col-100 elementor-top-column elementor-element elementor-element-1944a5c\" data-id=\"1944a5c\" data-element_type=\"column\">\n\t\t\t<div class=\"elementor-widget-wrap elementor-element-populated\">\n\t\t\t\t\t\t<div class=\"elementor-element elementor-element-350706e elementor-widget elementor-widget-spacer\" data-id=\"350706e\" data-element_type=\"widget\" data-widget_type=\"spacer.default\">\n\t\t\t\t<div class=\"elementor-widget-container\">\n\t\t\t\t\t\t\t<div class=\"elementor-spacer\">\n\t\t\t<div class=\"elementor-spacer-inner\"><\/div>\n\t\t<\/div>\n\t\t\t\t\t\t<\/div>\n\t\t\t\t<\/div>\n\t\t\t\t\t<\/div>\n\t\t<\/div>\n\t\t\t\t\t<\/div>\n\t\t<\/section>\n\t\t\t\t<section class=\"elementor-section elementor-top-section elementor-element elementor-element-1d4b204 elementor-section-boxed elementor-section-height-default elementor-section-height-default\" data-id=\"1d4b204\" data-element_type=\"section\">\n\t\t\t\t\t\t<div class=\"elementor-container elementor-column-gap-default\">\n\t\t\t\t\t<div class=\"elementor-column elementor-col-100 elementor-top-column elementor-element elementor-element-366f330\" data-id=\"366f330\" data-element_type=\"column\">\n\t\t\t<div class=\"elementor-widget-wrap elementor-element-populated\">\n\t\t\t\t\t\t<div class=\"elementor-element elementor-element-92c0c8e elementor-widget elementor-widget-heading\" data-id=\"92c0c8e\" data-element_type=\"widget\" data-widget_type=\"heading.default\">\n\t\t\t\t<div class=\"elementor-widget-container\">\n\t\t\t\t\t<h2 class=\"elementor-heading-title elementor-size-default\">Avant les travaux :<\/h2>\t\t\t\t<\/div>\n\t\t\t\t<\/div>\n\t\t\t\t<div class=\"elementor-element elementor-element-cc41ec0 elementor-widget elementor-widget-spacer\" data-id=\"cc41ec0\" data-element_type=\"widget\" data-widget_type=\"spacer.default\">\n\t\t\t\t<div class=\"elementor-widget-container\">\n\t\t\t\t\t\t\t<div class=\"elementor-spacer\">\n\t\t\t<div class=\"elementor-spacer-inner\"><\/div>\n\t\t<\/div>\n\t\t\t\t\t\t<\/div>\n\t\t\t\t<\/div>\n\t\t\t\t\t<\/div>\n\t\t<\/div>\n\t\t\t\t\t<\/div>\n\t\t<\/section>\n\t\t\t\t<section class=\"elementor-section elementor-top-section elementor-element elementor-element-91c02c4 elementor-section-boxed elementor-section-height-default elementor-section-height-default\" data-id=\"91c02c4\" data-element_type=\"section\">\n\t\t\t\t\t\t<div class=\"elementor-container elementor-column-gap-default\">\n\t\t\t\t\t<div class=\"elementor-column elementor-col-50 elementor-top-column elementor-element elementor-element-cbbe487\" data-id=\"cbbe487\" data-element_type=\"column\">\n\t\t\t<div class=\"elementor-widget-wrap elementor-element-populated\">\n\t\t\t\t\t\t<div class=\"elementor-element elementor-element-0f0084b elementor-widget elementor-widget-image\" data-id=\"0f0084b\" data-element_type=\"widget\" data-widget_type=\"image.default\">\n\t\t\t\t<div class=\"elementor-widget-container\">\n\t\t\t\t\t\t\t\t\t\t\t\t\t\t\t<img fetchpriority=\"high\" decoding=\"async\" width=\"225\" height=\"300\" src=\"https:\/\/ecorenobat.fr\/wp-content\/uploads\/2023\/02\/69202934053__F1BFE7CF-1508-4047-9B5F-FF64692C290C-225x300.jpg\" class=\"attachment-medium size-medium wp-image-893\" alt=\"\" srcset=\"https:\/\/ecorenobat.fr\/wp-content\/uploads\/2023\/02\/69202934053__F1BFE7CF-1508-4047-9B5F-FF64692C290C-225x300.jpg 225w, https:\/\/ecorenobat.fr\/wp-content\/uploads\/2023\/02\/69202934053__F1BFE7CF-1508-4047-9B5F-FF64692C290C-768x1024.jpg 768w, https:\/\/ecorenobat.fr\/wp-content\/uploads\/2023\/02\/69202934053__F1BFE7CF-1508-4047-9B5F-FF64692C290C-1152x1536.jpg 1152w, https:\/\/ecorenobat.fr\/wp-content\/uploads\/2023\/02\/69202934053__F1BFE7CF-1508-4047-9B5F-FF64692C290C-1536x2048.jpg 1536w, https:\/\/ecorenobat.fr\/wp-content\/uploads\/2023\/02\/69202934053__F1BFE7CF-1508-4047-9B5F-FF64692C290C-scaled.jpg 1920w\" sizes=\"(max-width: 225px) 100vw, 225px\" \/>\t\t\t\t\t\t\t\t\t\t\t\t\t\t\t<\/div>\n\t\t\t\t<\/div>\n\t\t\t\t\t<\/div>\n\t\t<\/div>\n\t\t\t\t<div class=\"elementor-column elementor-col-50 elementor-top-column elementor-element elementor-element-041f3a1\" data-id=\"041f3a1\" data-element_type=\"column\">\n\t\t\t<div class=\"elementor-widget-wrap elementor-element-populated\">\n\t\t\t\t\t\t<div class=\"elementor-element elementor-element-589759a elementor-widget elementor-widget-image\" data-id=\"589759a\" data-element_type=\"widget\" data-widget_type=\"image.default\">\n\t\t\t\t<div class=\"elementor-widget-container\">\n\t\t\t\t\t\t\t\t\t\t\t\t\t\t\t<img decoding=\"async\" width=\"225\" height=\"300\" src=\"https:\/\/ecorenobat.fr\/wp-content\/uploads\/2023\/02\/69202935112__B8B06B0D-D39B-4129-AE5F-94B961188C39-225x300.jpg\" class=\"attachment-medium size-medium wp-image-894\" alt=\"\" srcset=\"https:\/\/ecorenobat.fr\/wp-content\/uploads\/2023\/02\/69202935112__B8B06B0D-D39B-4129-AE5F-94B961188C39-225x300.jpg 225w, https:\/\/ecorenobat.fr\/wp-content\/uploads\/2023\/02\/69202935112__B8B06B0D-D39B-4129-AE5F-94B961188C39-768x1024.jpg 768w, https:\/\/ecorenobat.fr\/wp-content\/uploads\/2023\/02\/69202935112__B8B06B0D-D39B-4129-AE5F-94B961188C39-1152x1536.jpg 1152w, https:\/\/ecorenobat.fr\/wp-content\/uploads\/2023\/02\/69202935112__B8B06B0D-D39B-4129-AE5F-94B961188C39-1536x2048.jpg 1536w, https:\/\/ecorenobat.fr\/wp-content\/uploads\/2023\/02\/69202935112__B8B06B0D-D39B-4129-AE5F-94B961188C39-scaled.jpg 1920w\" sizes=\"(max-width: 225px) 100vw, 225px\" \/>\t\t\t\t\t\t\t\t\t\t\t\t\t\t\t<\/div>\n\t\t\t\t<\/div>\n\t\t\t\t\t<\/div>\n\t\t<\/div>\n\t\t\t\t\t<\/div>\n\t\t<\/section>\n\t\t\t\t<section class=\"elementor-section elementor-top-section elementor-element elementor-element-45edd4c elementor-section-boxed elementor-section-height-default elementor-section-height-default\" data-id=\"45edd4c\" data-element_type=\"section\">\n\t\t\t\t\t\t<div class=\"elementor-container elementor-column-gap-default\">\n\t\t\t\t\t<div class=\"elementor-column elementor-col-100 elementor-top-column elementor-element elementor-element-ce68232\" data-id=\"ce68232\" data-element_type=\"column\">\n\t\t\t<div class=\"elementor-widget-wrap elementor-element-populated\">\n\t\t\t\t\t\t<div class=\"elementor-element elementor-element-634412d elementor-widget elementor-widget-spacer\" data-id=\"634412d\" data-element_type=\"widget\" data-widget_type=\"spacer.default\">\n\t\t\t\t<div class=\"elementor-widget-container\">\n\t\t\t\t\t\t\t<div class=\"elementor-spacer\">\n\t\t\t<div class=\"elementor-spacer-inner\"><\/div>\n\t\t<\/div>\n\t\t\t\t\t\t<\/div>\n\t\t\t\t<\/div>\n\t\t\t\t\t<\/div>\n\t\t<\/div>\n\t\t\t\t\t<\/div>\n\t\t<\/section>\n\t\t\t\t<section class=\"elementor-section elementor-top-section elementor-element elementor-element-240cb3c elementor-section-boxed elementor-section-height-default elementor-section-height-default\" data-id=\"240cb3c\" data-element_type=\"section\">\n\t\t\t\t\t\t<div class=\"elementor-container elementor-column-gap-default\">\n\t\t\t\t\t<div class=\"elementor-column elementor-col-100 elementor-top-column elementor-element elementor-element-c6b7363\" data-id=\"c6b7363\" data-element_type=\"column\">\n\t\t\t<div class=\"elementor-widget-wrap elementor-element-populated\">\n\t\t\t\t\t\t<div class=\"elementor-element elementor-element-4471490 elementor-widget elementor-widget-heading\" data-id=\"4471490\" data-element_type=\"widget\" data-widget_type=\"heading.default\">\n\t\t\t\t<div class=\"elementor-widget-container\">\n\t\t\t\t\t<h2 class=\"elementor-heading-title elementor-size-default\">Apr\u00e8s les travaux :<\/h2>\t\t\t\t<\/div>\n\t\t\t\t<\/div>\n\t\t\t\t<div class=\"elementor-element elementor-element-e5fdd2b elementor-widget elementor-widget-spacer\" data-id=\"e5fdd2b\" data-element_type=\"widget\" data-widget_type=\"spacer.default\">\n\t\t\t\t<div class=\"elementor-widget-container\">\n\t\t\t\t\t\t\t<div class=\"elementor-spacer\">\n\t\t\t<div class=\"elementor-spacer-inner\"><\/div>\n\t\t<\/div>\n\t\t\t\t\t\t<\/div>\n\t\t\t\t<\/div>\n\t\t\t\t\t<\/div>\n\t\t<\/div>\n\t\t\t\t\t<\/div>\n\t\t<\/section>\n\t\t\t\t<section class=\"elementor-section elementor-top-section elementor-element elementor-element-1ffc989 elementor-section-boxed elementor-section-height-default elementor-section-height-default\" data-id=\"1ffc989\" data-element_type=\"section\">\n\t\t\t\t\t\t<div class=\"elementor-container elementor-column-gap-default\">\n\t\t\t\t\t<div class=\"elementor-column elementor-col-100 elementor-top-column elementor-element elementor-element-414a204\" data-id=\"414a204\" data-element_type=\"column\">\n\t\t\t<div class=\"elementor-widget-wrap elementor-element-populated\">\n\t\t\t\t\t\t<div class=\"elementor-element elementor-element-eacd5a4 elementor-widget elementor-widget-image\" data-id=\"eacd5a4\" data-element_type=\"widget\" data-widget_type=\"image.default\">\n\t\t\t\t<div class=\"elementor-widget-container\">\n\t\t\t\t\t\t\t\t\t\t\t\t\t\t\t<img decoding=\"async\" width=\"223\" height=\"300\" src=\"https:\/\/ecorenobat.fr\/wp-content\/uploads\/2023\/02\/Capture-decran-2023-02-17-a-13.00.04-223x300.png\" class=\"attachment-medium size-medium wp-image-897\" alt=\"\" srcset=\"https:\/\/ecorenobat.fr\/wp-content\/uploads\/2023\/02\/Capture-decran-2023-02-17-a-13.00.04-223x300.png 223w, https:\/\/ecorenobat.fr\/wp-content\/uploads\/2023\/02\/Capture-decran-2023-02-17-a-13.00.04-762x1024.png 762w, https:\/\/ecorenobat.fr\/wp-content\/uploads\/2023\/02\/Capture-decran-2023-02-17-a-13.00.04-768x1033.png 768w, https:\/\/ecorenobat.fr\/wp-content\/uploads\/2023\/02\/Capture-decran-2023-02-17-a-13.00.04.png 1074w\" sizes=\"(max-width: 223px) 100vw, 223px\" \/>\t\t\t\t\t\t\t\t\t\t\t\t\t\t\t<\/div>\n\t\t\t\t<\/div>\n\t\t\t\t\t<\/div>\n\t\t<\/div>\n\t\t\t\t\t<\/div>\n\t\t<\/section>\n\t\t\t\t<\/div>\n\t\t","protected":false},"excerpt":{"rendered":"<p>Chantier de remplacement de porte \u00e0 l&rsquo;identique Le chantier \u00e9tait de remplacer une ancienne porte usag\u00e9e par une nouvelle. Contrainte, le propri\u00e9taire de la maison souhaitait conserver une porte similaire \u00e0 celle qu&rsquo;il avait pour laisser sa maison dans le m\u00eame\u00a0style.\u00a0 Nous avons commenc\u00e9 le chantier par d\u00e9monter l&rsquo;ancienne porte et retirer le ch\u00e2ssis\u00a0de celle-ci [&hellip;]<\/p>\n","protected":false},"author":1,"featured_media":0,"parent":0,"menu_order":0,"comment_status":"closed","ping_status":"closed","template":"","meta":{"footnotes":""},"class_list":["post-876","page","type-page","status-publish","hentry"],"_links":{"self":[{"href":"https:\/\/ecorenobat.fr\/index.php?rest_route=\/wp\/v2\/pages\/876","targetHints":{"allow":["GET"]}}],"collection":[{"href":"https:\/\/ecorenobat.fr\/index.php?rest_route=\/wp\/v2\/pages"}],"about":[{"href":"https:\/\/ecorenobat.fr\/index.php?rest_route=\/wp\/v2\/types\/page"}],"author":[{"embeddable":true,"href":"https:\/\/ecorenobat.fr\/index.php?rest_route=\/wp\/v2\/users\/1"}],"replies":[{"embeddable":true,"href":"https:\/\/ecorenobat.fr\/index.php?rest_route=%2Fwp%2Fv2%2Fcomments&post=876"}],"version-history":[{"count":20,"href":"https:\/\/ecorenobat.fr\/index.php?rest_route=\/wp\/v2\/pages\/876\/revisions"}],"predecessor-version":[{"id":1219,"href":"https:\/\/ecorenobat.fr\/index.php?rest_route=\/wp\/v2\/pages\/876\/revisions\/1219"}],"wp:attachment":[{"href":"https:\/\/ecorenobat.fr\/index.php?rest_route=%2Fwp%2Fv2%2Fmedia&parent=876"}],"curies":[{"name":"wp","href":"https:\/\/api.w.org\/{rel}","templated":true}]}}