{"id":847,"date":"2023-02-17T11:10:39","date_gmt":"2023-02-17T10:10:39","guid":{"rendered":"http:\/\/ecorenobat.fr\/?page_id=847"},"modified":"2025-12-16T12:39:12","modified_gmt":"2025-12-16T11:39:12","slug":"installation-plancher-chauffant","status":"publish","type":"page","link":"https:\/\/ecorenobat.fr\/?page_id=847","title":{"rendered":"Installation d&rsquo;un plancher chauffant"},"content":{"rendered":"\t\t<div data-elementor-type=\"wp-page\" data-elementor-id=\"847\" class=\"elementor elementor-847\" data-elementor-post-type=\"page\">\n\t\t\t\t\t\t<section class=\"elementor-section elementor-top-section elementor-element elementor-element-f1b89e8 elementor-section-boxed elementor-section-height-default elementor-section-height-default\" data-id=\"f1b89e8\" data-element_type=\"section\">\n\t\t\t\t\t\t<div class=\"elementor-container elementor-column-gap-default\">\n\t\t\t\t\t<div class=\"elementor-column elementor-col-100 elementor-top-column elementor-element elementor-element-2d529d8\" data-id=\"2d529d8\" data-element_type=\"column\">\n\t\t\t<div class=\"elementor-widget-wrap elementor-element-populated\">\n\t\t\t\t\t\t<div class=\"elementor-element elementor-element-6fe7e9c elementor-widget elementor-widget-heading\" data-id=\"6fe7e9c\" data-element_type=\"widget\" data-widget_type=\"heading.default\">\n\t\t\t\t<div class=\"elementor-widget-container\">\n\t\t\t\t\t<h1 class=\"elementor-heading-title elementor-size-default\">Chantier d'installation d'un plancher chauffant<\/h1>\t\t\t\t<\/div>\n\t\t\t\t<\/div>\n\t\t\t\t\t<\/div>\n\t\t<\/div>\n\t\t\t\t\t<\/div>\n\t\t<\/section>\n\t\t\t\t<section class=\"elementor-section elementor-top-section elementor-element elementor-element-40e6d2a elementor-section-boxed elementor-section-height-default elementor-section-height-default\" data-id=\"40e6d2a\" data-element_type=\"section\">\n\t\t\t\t\t\t<div class=\"elementor-container elementor-column-gap-default\">\n\t\t\t\t\t<div class=\"elementor-column elementor-col-100 elementor-top-column elementor-element elementor-element-57e0315\" data-id=\"57e0315\" data-element_type=\"column\">\n\t\t\t<div class=\"elementor-widget-wrap elementor-element-populated\">\n\t\t\t\t\t\t<div class=\"elementor-element elementor-element-b96302e elementor-widget elementor-widget-spacer\" data-id=\"b96302e\" data-element_type=\"widget\" data-widget_type=\"spacer.default\">\n\t\t\t\t<div class=\"elementor-widget-container\">\n\t\t\t\t\t\t\t<div class=\"elementor-spacer\">\n\t\t\t<div class=\"elementor-spacer-inner\"><\/div>\n\t\t<\/div>\n\t\t\t\t\t\t<\/div>\n\t\t\t\t<\/div>\n\t\t\t\t\t<\/div>\n\t\t<\/div>\n\t\t\t\t\t<\/div>\n\t\t<\/section>\n\t\t\t\t<section class=\"elementor-section elementor-top-section elementor-element elementor-element-373cc04 elementor-section-boxed elementor-section-height-default elementor-section-height-default\" data-id=\"373cc04\" data-element_type=\"section\">\n\t\t\t\t\t\t<div class=\"elementor-container elementor-column-gap-default\">\n\t\t\t\t\t<div class=\"elementor-column elementor-col-100 elementor-top-column elementor-element elementor-element-e212368\" data-id=\"e212368\" data-element_type=\"column\">\n\t\t\t<div class=\"elementor-widget-wrap elementor-element-populated\">\n\t\t\t\t\t\t<div class=\"elementor-element elementor-element-e7f9f99 elementor-widget elementor-widget-text-editor\" data-id=\"e7f9f99\" data-element_type=\"widget\" data-widget_type=\"text-editor.default\">\n\t\t\t\t<div class=\"elementor-widget-container\">\n\t\t\t\t\t\t\t\t\t<p><span style=\"font-family: var( --e-global-typography-text-font-family ), Sans-serif;\">Le chantier \u00e9tait d&rsquo;installer un sol chauffant sur l&rsquo;ensemble des pi\u00e8ces du rez-de-chauss\u00e9e.<\/span><\/p><p>Le chantier a d\u00e9marr\u00e9 par l&rsquo;installation des plaques chauffantes au sol sur l&rsquo;ensemble du rez-de-chauss\u00e9e et puis s&rsquo;est termin\u00e9e par le raccordement \u00e9lectrique des plaques \u00e0 l&rsquo;\u00e9lectricit\u00e9 de la maison.<\/p>\t\t\t\t\t\t\t\t<\/div>\n\t\t\t\t<\/div>\n\t\t\t\t\t<\/div>\n\t\t<\/div>\n\t\t\t\t\t<\/div>\n\t\t<\/section>\n\t\t\t\t<section class=\"elementor-section elementor-top-section elementor-element elementor-element-17182a4 elementor-section-boxed elementor-section-height-default elementor-section-height-default\" data-id=\"17182a4\" data-element_type=\"section\">\n\t\t\t\t\t\t<div class=\"elementor-container elementor-column-gap-default\">\n\t\t\t\t\t<div class=\"elementor-column elementor-col-100 elementor-top-column elementor-element elementor-element-fe346f5\" data-id=\"fe346f5\" data-element_type=\"column\">\n\t\t\t<div class=\"elementor-widget-wrap elementor-element-populated\">\n\t\t\t\t\t\t<div class=\"elementor-element elementor-element-97a9656 elementor-widget elementor-widget-spacer\" data-id=\"97a9656\" data-element_type=\"widget\" data-widget_type=\"spacer.default\">\n\t\t\t\t<div class=\"elementor-widget-container\">\n\t\t\t\t\t\t\t<div class=\"elementor-spacer\">\n\t\t\t<div class=\"elementor-spacer-inner\"><\/div>\n\t\t<\/div>\n\t\t\t\t\t\t<\/div>\n\t\t\t\t<\/div>\n\t\t\t\t\t<\/div>\n\t\t<\/div>\n\t\t\t\t\t<\/div>\n\t\t<\/section>\n\t\t\t\t<section class=\"elementor-section elementor-top-section elementor-element elementor-element-7dc6497 elementor-section-boxed elementor-section-height-default elementor-section-height-default\" data-id=\"7dc6497\" data-element_type=\"section\">\n\t\t\t\t\t\t<div class=\"elementor-container elementor-column-gap-default\">\n\t\t\t\t\t<div class=\"elementor-column elementor-col-100 elementor-top-column elementor-element elementor-element-6787864\" data-id=\"6787864\" data-element_type=\"column\">\n\t\t\t<div class=\"elementor-widget-wrap elementor-element-populated\">\n\t\t\t\t\t\t<div class=\"elementor-element elementor-element-de5c056 elementor-widget elementor-widget-heading\" data-id=\"de5c056\" data-element_type=\"widget\" data-widget_type=\"heading.default\">\n\t\t\t\t<div class=\"elementor-widget-container\">\n\t\t\t\t\t<h2 class=\"elementor-heading-title elementor-size-default\">Pose des plaques chauffantes au sol :<\/h2>\t\t\t\t<\/div>\n\t\t\t\t<\/div>\n\t\t\t\t<div class=\"elementor-element elementor-element-14120f3 elementor-widget elementor-widget-spacer\" data-id=\"14120f3\" data-element_type=\"widget\" data-widget_type=\"spacer.default\">\n\t\t\t\t<div class=\"elementor-widget-container\">\n\t\t\t\t\t\t\t<div class=\"elementor-spacer\">\n\t\t\t<div class=\"elementor-spacer-inner\"><\/div>\n\t\t<\/div>\n\t\t\t\t\t\t<\/div>\n\t\t\t\t<\/div>\n\t\t\t\t\t<\/div>\n\t\t<\/div>\n\t\t\t\t\t<\/div>\n\t\t<\/section>\n\t\t\t\t<section class=\"elementor-section elementor-top-section elementor-element elementor-element-7fabbc8 elementor-section-boxed elementor-section-height-default elementor-section-height-default\" data-id=\"7fabbc8\" data-element_type=\"section\">\n\t\t\t\t\t\t<div class=\"elementor-container elementor-column-gap-default\">\n\t\t\t\t\t<div class=\"elementor-column elementor-col-50 elementor-top-column elementor-element elementor-element-ebfa65b\" data-id=\"ebfa65b\" data-element_type=\"column\">\n\t\t\t<div class=\"elementor-widget-wrap elementor-element-populated\">\n\t\t\t\t\t\t<div class=\"elementor-element elementor-element-3bf368d elementor-widget elementor-widget-image\" data-id=\"3bf368d\" data-element_type=\"widget\" data-widget_type=\"image.default\">\n\t\t\t\t<div class=\"elementor-widget-container\">\n\t\t\t\t\t\t\t\t\t\t\t\t\t\t\t<img fetchpriority=\"high\" decoding=\"async\" width=\"1614\" height=\"614\" src=\"https:\/\/ecorenobat.fr\/wp-content\/uploads\/2023\/02\/Capture-decran-2023-02-17-a-11.49.07.png\" class=\"attachment-full size-full wp-image-866\" alt=\"\" srcset=\"https:\/\/ecorenobat.fr\/wp-content\/uploads\/2023\/02\/Capture-decran-2023-02-17-a-11.49.07.png 1614w, https:\/\/ecorenobat.fr\/wp-content\/uploads\/2023\/02\/Capture-decran-2023-02-17-a-11.49.07-300x114.png 300w, https:\/\/ecorenobat.fr\/wp-content\/uploads\/2023\/02\/Capture-decran-2023-02-17-a-11.49.07-1024x390.png 1024w, https:\/\/ecorenobat.fr\/wp-content\/uploads\/2023\/02\/Capture-decran-2023-02-17-a-11.49.07-768x292.png 768w, https:\/\/ecorenobat.fr\/wp-content\/uploads\/2023\/02\/Capture-decran-2023-02-17-a-11.49.07-1536x584.png 1536w\" sizes=\"(max-width: 1614px) 100vw, 1614px\" \/>\t\t\t\t\t\t\t\t\t\t\t\t\t\t\t<\/div>\n\t\t\t\t<\/div>\n\t\t\t\t\t<\/div>\n\t\t<\/div>\n\t\t\t\t<div class=\"elementor-column elementor-col-50 elementor-top-column elementor-element elementor-element-e957a25\" data-id=\"e957a25\" data-element_type=\"column\">\n\t\t\t<div class=\"elementor-widget-wrap elementor-element-populated\">\n\t\t\t\t\t\t<div class=\"elementor-element elementor-element-5a1cde1 elementor-widget elementor-widget-image\" data-id=\"5a1cde1\" data-element_type=\"widget\" data-widget_type=\"image.default\">\n\t\t\t\t<div class=\"elementor-widget-container\">\n\t\t\t\t\t\t\t\t\t\t\t\t\t\t\t<img decoding=\"async\" width=\"1614\" height=\"614\" src=\"https:\/\/ecorenobat.fr\/wp-content\/uploads\/2023\/02\/Capture-decran-2023-02-17-a-11.50.29.png\" class=\"attachment-full size-full wp-image-867\" alt=\"\" srcset=\"https:\/\/ecorenobat.fr\/wp-content\/uploads\/2023\/02\/Capture-decran-2023-02-17-a-11.50.29.png 1614w, https:\/\/ecorenobat.fr\/wp-content\/uploads\/2023\/02\/Capture-decran-2023-02-17-a-11.50.29-300x114.png 300w, https:\/\/ecorenobat.fr\/wp-content\/uploads\/2023\/02\/Capture-decran-2023-02-17-a-11.50.29-1024x390.png 1024w, https:\/\/ecorenobat.fr\/wp-content\/uploads\/2023\/02\/Capture-decran-2023-02-17-a-11.50.29-768x292.png 768w, https:\/\/ecorenobat.fr\/wp-content\/uploads\/2023\/02\/Capture-decran-2023-02-17-a-11.50.29-1536x584.png 1536w\" sizes=\"(max-width: 1614px) 100vw, 1614px\" \/>\t\t\t\t\t\t\t\t\t\t\t\t\t\t\t<\/div>\n\t\t\t\t<\/div>\n\t\t\t\t\t<\/div>\n\t\t<\/div>\n\t\t\t\t\t<\/div>\n\t\t<\/section>\n\t\t\t\t<section class=\"elementor-section elementor-top-section elementor-element elementor-element-72230f8 elementor-section-boxed elementor-section-height-default elementor-section-height-default\" data-id=\"72230f8\" data-element_type=\"section\">\n\t\t\t\t\t\t<div class=\"elementor-container elementor-column-gap-default\">\n\t\t\t\t\t<div class=\"elementor-column elementor-col-50 elementor-top-column elementor-element elementor-element-85eb580\" data-id=\"85eb580\" data-element_type=\"column\">\n\t\t\t<div class=\"elementor-widget-wrap elementor-element-populated\">\n\t\t\t\t\t\t<div class=\"elementor-element elementor-element-c5b035a elementor-widget elementor-widget-image\" data-id=\"c5b035a\" data-element_type=\"widget\" data-widget_type=\"image.default\">\n\t\t\t\t<div class=\"elementor-widget-container\">\n\t\t\t\t\t\t\t\t\t\t\t\t\t\t\t<img decoding=\"async\" width=\"1638\" height=\"642\" src=\"https:\/\/ecorenobat.fr\/wp-content\/uploads\/2023\/02\/Capture-decran-2023-02-17-a-11.58.52.png\" class=\"attachment-full size-full wp-image-869\" alt=\"\" srcset=\"https:\/\/ecorenobat.fr\/wp-content\/uploads\/2023\/02\/Capture-decran-2023-02-17-a-11.58.52.png 1638w, https:\/\/ecorenobat.fr\/wp-content\/uploads\/2023\/02\/Capture-decran-2023-02-17-a-11.58.52-300x118.png 300w, https:\/\/ecorenobat.fr\/wp-content\/uploads\/2023\/02\/Capture-decran-2023-02-17-a-11.58.52-1024x401.png 1024w, https:\/\/ecorenobat.fr\/wp-content\/uploads\/2023\/02\/Capture-decran-2023-02-17-a-11.58.52-768x301.png 768w, https:\/\/ecorenobat.fr\/wp-content\/uploads\/2023\/02\/Capture-decran-2023-02-17-a-11.58.52-1536x602.png 1536w\" sizes=\"(max-width: 1638px) 100vw, 1638px\" \/>\t\t\t\t\t\t\t\t\t\t\t\t\t\t\t<\/div>\n\t\t\t\t<\/div>\n\t\t\t\t\t<\/div>\n\t\t<\/div>\n\t\t\t\t<div class=\"elementor-column elementor-col-50 elementor-top-column elementor-element elementor-element-b55cd62\" data-id=\"b55cd62\" data-element_type=\"column\">\n\t\t\t<div class=\"elementor-widget-wrap elementor-element-populated\">\n\t\t\t\t\t\t<div class=\"elementor-element elementor-element-51555c0 elementor-widget elementor-widget-image\" data-id=\"51555c0\" data-element_type=\"widget\" data-widget_type=\"image.default\">\n\t\t\t\t<div class=\"elementor-widget-container\">\n\t\t\t\t\t\t\t\t\t\t\t\t\t\t\t<img loading=\"lazy\" decoding=\"async\" width=\"1656\" height=\"634\" src=\"https:\/\/ecorenobat.fr\/wp-content\/uploads\/2023\/02\/Capture-decran-2023-02-17-a-12.00.26.png\" class=\"attachment-full size-full wp-image-870\" alt=\"\" srcset=\"https:\/\/ecorenobat.fr\/wp-content\/uploads\/2023\/02\/Capture-decran-2023-02-17-a-12.00.26.png 1656w, https:\/\/ecorenobat.fr\/wp-content\/uploads\/2023\/02\/Capture-decran-2023-02-17-a-12.00.26-300x115.png 300w, https:\/\/ecorenobat.fr\/wp-content\/uploads\/2023\/02\/Capture-decran-2023-02-17-a-12.00.26-1024x392.png 1024w, https:\/\/ecorenobat.fr\/wp-content\/uploads\/2023\/02\/Capture-decran-2023-02-17-a-12.00.26-768x294.png 768w, https:\/\/ecorenobat.fr\/wp-content\/uploads\/2023\/02\/Capture-decran-2023-02-17-a-12.00.26-1536x588.png 1536w\" sizes=\"(max-width: 1656px) 100vw, 1656px\" \/>\t\t\t\t\t\t\t\t\t\t\t\t\t\t\t<\/div>\n\t\t\t\t<\/div>\n\t\t\t\t\t<\/div>\n\t\t<\/div>\n\t\t\t\t\t<\/div>\n\t\t<\/section>\n\t\t\t\t<section class=\"elementor-section elementor-top-section elementor-element elementor-element-47600b9 elementor-section-boxed elementor-section-height-default elementor-section-height-default\" data-id=\"47600b9\" data-element_type=\"section\">\n\t\t\t\t\t\t<div class=\"elementor-container elementor-column-gap-default\">\n\t\t\t\t\t<div class=\"elementor-column elementor-col-100 elementor-top-column elementor-element elementor-element-1ba1e1e\" data-id=\"1ba1e1e\" data-element_type=\"column\">\n\t\t\t<div class=\"elementor-widget-wrap elementor-element-populated\">\n\t\t\t\t\t\t<div class=\"elementor-element elementor-element-c6f3abe elementor-widget elementor-widget-spacer\" data-id=\"c6f3abe\" data-element_type=\"widget\" data-widget_type=\"spacer.default\">\n\t\t\t\t<div class=\"elementor-widget-container\">\n\t\t\t\t\t\t\t<div class=\"elementor-spacer\">\n\t\t\t<div class=\"elementor-spacer-inner\"><\/div>\n\t\t<\/div>\n\t\t\t\t\t\t<\/div>\n\t\t\t\t<\/div>\n\t\t\t\t\t<\/div>\n\t\t<\/div>\n\t\t\t\t\t<\/div>\n\t\t<\/section>\n\t\t\t\t<section class=\"elementor-section elementor-top-section elementor-element elementor-element-cf56607 elementor-section-boxed elementor-section-height-default elementor-section-height-default\" data-id=\"cf56607\" data-element_type=\"section\">\n\t\t\t\t\t\t<div class=\"elementor-container elementor-column-gap-default\">\n\t\t\t\t\t<div class=\"elementor-column elementor-col-100 elementor-top-column elementor-element elementor-element-62b0768\" data-id=\"62b0768\" data-element_type=\"column\">\n\t\t\t<div class=\"elementor-widget-wrap elementor-element-populated\">\n\t\t\t\t\t\t<div class=\"elementor-element elementor-element-f2225d8 elementor-widget elementor-widget-heading\" data-id=\"f2225d8\" data-element_type=\"widget\" data-widget_type=\"heading.default\">\n\t\t\t\t<div class=\"elementor-widget-container\">\n\t\t\t\t\t<h2 class=\"elementor-heading-title elementor-size-default\">Installation du syst\u00e8me au tableau \u00e9lectrique :<\/h2>\t\t\t\t<\/div>\n\t\t\t\t<\/div>\n\t\t\t\t<div class=\"elementor-element elementor-element-341191a elementor-widget elementor-widget-spacer\" data-id=\"341191a\" data-element_type=\"widget\" data-widget_type=\"spacer.default\">\n\t\t\t\t<div class=\"elementor-widget-container\">\n\t\t\t\t\t\t\t<div class=\"elementor-spacer\">\n\t\t\t<div class=\"elementor-spacer-inner\"><\/div>\n\t\t<\/div>\n\t\t\t\t\t\t<\/div>\n\t\t\t\t<\/div>\n\t\t\t\t\t<\/div>\n\t\t<\/div>\n\t\t\t\t\t<\/div>\n\t\t<\/section>\n\t\t\t\t<section class=\"elementor-section elementor-top-section elementor-element elementor-element-31fe998 elementor-section-boxed elementor-section-height-default elementor-section-height-default\" data-id=\"31fe998\" data-element_type=\"section\">\n\t\t\t\t\t\t<div class=\"elementor-container elementor-column-gap-default\">\n\t\t\t\t\t<div class=\"elementor-column elementor-col-50 elementor-top-column elementor-element elementor-element-cd9da5e\" data-id=\"cd9da5e\" data-element_type=\"column\">\n\t\t\t<div class=\"elementor-widget-wrap elementor-element-populated\">\n\t\t\t\t\t\t<div class=\"elementor-element elementor-element-d02791b elementor-widget elementor-widget-image\" data-id=\"d02791b\" data-element_type=\"widget\" data-widget_type=\"image.default\">\n\t\t\t\t<div class=\"elementor-widget-container\">\n\t\t\t\t\t\t\t\t\t\t\t\t\t\t\t<img loading=\"lazy\" decoding=\"async\" width=\"225\" height=\"300\" src=\"https:\/\/ecorenobat.fr\/wp-content\/uploads\/2023\/02\/IMG_20221215_162513-225x300.jpg\" class=\"attachment-medium size-medium wp-image-871\" alt=\"\" srcset=\"https:\/\/ecorenobat.fr\/wp-content\/uploads\/2023\/02\/IMG_20221215_162513-225x300.jpg 225w, https:\/\/ecorenobat.fr\/wp-content\/uploads\/2023\/02\/IMG_20221215_162513-768x1024.jpg 768w, https:\/\/ecorenobat.fr\/wp-content\/uploads\/2023\/02\/IMG_20221215_162513-1152x1536.jpg 1152w, https:\/\/ecorenobat.fr\/wp-content\/uploads\/2023\/02\/IMG_20221215_162513-1536x2048.jpg 1536w, https:\/\/ecorenobat.fr\/wp-content\/uploads\/2023\/02\/IMG_20221215_162513-scaled.jpg 1920w\" sizes=\"(max-width: 225px) 100vw, 225px\" \/>\t\t\t\t\t\t\t\t\t\t\t\t\t\t\t<\/div>\n\t\t\t\t<\/div>\n\t\t\t\t\t<\/div>\n\t\t<\/div>\n\t\t\t\t<div class=\"elementor-column elementor-col-50 elementor-top-column elementor-element elementor-element-1da43b6\" data-id=\"1da43b6\" data-element_type=\"column\">\n\t\t\t<div class=\"elementor-widget-wrap elementor-element-populated\">\n\t\t\t\t\t\t<div class=\"elementor-element elementor-element-5d0c51a elementor-widget elementor-widget-image\" data-id=\"5d0c51a\" data-element_type=\"widget\" data-widget_type=\"image.default\">\n\t\t\t\t<div class=\"elementor-widget-container\">\n\t\t\t\t\t\t\t\t\t\t\t\t\t\t\t<img loading=\"lazy\" decoding=\"async\" width=\"225\" height=\"300\" src=\"https:\/\/ecorenobat.fr\/wp-content\/uploads\/2023\/02\/IMG_20221215_162538-225x300.jpg\" class=\"attachment-medium size-medium wp-image-872\" alt=\"\" srcset=\"https:\/\/ecorenobat.fr\/wp-content\/uploads\/2023\/02\/IMG_20221215_162538-225x300.jpg 225w, https:\/\/ecorenobat.fr\/wp-content\/uploads\/2023\/02\/IMG_20221215_162538-768x1024.jpg 768w, https:\/\/ecorenobat.fr\/wp-content\/uploads\/2023\/02\/IMG_20221215_162538-1152x1536.jpg 1152w, https:\/\/ecorenobat.fr\/wp-content\/uploads\/2023\/02\/IMG_20221215_162538-1536x2048.jpg 1536w, https:\/\/ecorenobat.fr\/wp-content\/uploads\/2023\/02\/IMG_20221215_162538-scaled.jpg 1920w\" sizes=\"(max-width: 225px) 100vw, 225px\" \/>\t\t\t\t\t\t\t\t\t\t\t\t\t\t\t<\/div>\n\t\t\t\t<\/div>\n\t\t\t\t\t<\/div>\n\t\t<\/div>\n\t\t\t\t\t<\/div>\n\t\t<\/section>\n\t\t\t\t<\/div>\n\t\t","protected":false},"excerpt":{"rendered":"<p>Chantier d&rsquo;installation d&rsquo;un plancher chauffant Le chantier \u00e9tait d&rsquo;installer un sol chauffant sur l&rsquo;ensemble des pi\u00e8ces du rez-de-chauss\u00e9e. Le chantier a d\u00e9marr\u00e9 par l&rsquo;installation des plaques chauffantes au sol sur l&rsquo;ensemble du rez-de-chauss\u00e9e et puis s&rsquo;est termin\u00e9e par le raccordement \u00e9lectrique des plaques \u00e0 l&rsquo;\u00e9lectricit\u00e9 de la maison. Pose des plaques chauffantes au sol : [&hellip;]<\/p>\n","protected":false},"author":1,"featured_media":0,"parent":0,"menu_order":0,"comment_status":"closed","ping_status":"closed","template":"","meta":{"footnotes":""},"class_list":["post-847","page","type-page","status-publish","hentry"],"_links":{"self":[{"href":"https:\/\/ecorenobat.fr\/index.php?rest_route=\/wp\/v2\/pages\/847","targetHints":{"allow":["GET"]}}],"collection":[{"href":"https:\/\/ecorenobat.fr\/index.php?rest_route=\/wp\/v2\/pages"}],"about":[{"href":"https:\/\/ecorenobat.fr\/index.php?rest_route=\/wp\/v2\/types\/page"}],"author":[{"embeddable":true,"href":"https:\/\/ecorenobat.fr\/index.php?rest_route=\/wp\/v2\/users\/1"}],"replies":[{"embeddable":true,"href":"https:\/\/ecorenobat.fr\/index.php?rest_route=%2Fwp%2Fv2%2Fcomments&post=847"}],"version-history":[{"count":17,"href":"https:\/\/ecorenobat.fr\/index.php?rest_route=\/wp\/v2\/pages\/847\/revisions"}],"predecessor-version":[{"id":1214,"href":"https:\/\/ecorenobat.fr\/index.php?rest_route=\/wp\/v2\/pages\/847\/revisions\/1214"}],"wp:attachment":[{"href":"https:\/\/ecorenobat.fr\/index.php?rest_route=%2Fwp%2Fv2%2Fmedia&parent=847"}],"curies":[{"name":"wp","href":"https:\/\/api.w.org\/{rel}","templated":true}]}}