{"id":628,"date":"2023-02-16T11:11:32","date_gmt":"2023-02-16T10:11:32","guid":{"rendered":"http:\/\/ecorenobat.fr\/?page_id=628"},"modified":"2025-12-16T12:14:14","modified_gmt":"2025-12-16T11:14:14","slug":"installation-baie-vitree","status":"publish","type":"page","link":"https:\/\/ecorenobat.fr\/?page_id=628","title":{"rendered":"Installation d&rsquo;une baie vitr\u00e9e"},"content":{"rendered":"\t\t<div data-elementor-type=\"wp-page\" data-elementor-id=\"628\" class=\"elementor elementor-628\" data-elementor-post-type=\"page\">\n\t\t\t\t\t\t<section class=\"elementor-section elementor-top-section elementor-element elementor-element-ea726ce elementor-section-boxed elementor-section-height-default elementor-section-height-default\" data-id=\"ea726ce\" data-element_type=\"section\">\n\t\t\t\t\t\t<div class=\"elementor-container elementor-column-gap-default\">\n\t\t\t\t\t<div class=\"elementor-column elementor-col-100 elementor-top-column elementor-element elementor-element-2b1b0ec\" data-id=\"2b1b0ec\" data-element_type=\"column\">\n\t\t\t<div class=\"elementor-widget-wrap elementor-element-populated\">\n\t\t\t\t\t\t<div class=\"elementor-element elementor-element-ddb9543 elementor-widget elementor-widget-heading\" data-id=\"ddb9543\" data-element_type=\"widget\" data-widget_type=\"heading.default\">\n\t\t\t\t<div class=\"elementor-widget-container\">\n\t\t\t\t\t<h1 class=\"elementor-heading-title elementor-size-default\">Travaux d'am\u00e9nagement et d'installation d'une baie vitr\u00e9e<\/h1>\t\t\t\t<\/div>\n\t\t\t\t<\/div>\n\t\t\t\t\t<\/div>\n\t\t<\/div>\n\t\t\t\t\t<\/div>\n\t\t<\/section>\n\t\t\t\t<section class=\"elementor-section elementor-top-section elementor-element elementor-element-b93f43e elementor-section-boxed elementor-section-height-default elementor-section-height-default\" data-id=\"b93f43e\" data-element_type=\"section\">\n\t\t\t\t\t\t<div class=\"elementor-container elementor-column-gap-default\">\n\t\t\t\t\t<div class=\"elementor-column elementor-col-100 elementor-top-column elementor-element elementor-element-902de5d\" data-id=\"902de5d\" data-element_type=\"column\">\n\t\t\t<div class=\"elementor-widget-wrap elementor-element-populated\">\n\t\t\t\t\t\t<div class=\"elementor-element elementor-element-335d6df elementor-widget elementor-widget-spacer\" data-id=\"335d6df\" data-element_type=\"widget\" data-widget_type=\"spacer.default\">\n\t\t\t\t<div class=\"elementor-widget-container\">\n\t\t\t\t\t\t\t<div class=\"elementor-spacer\">\n\t\t\t<div class=\"elementor-spacer-inner\"><\/div>\n\t\t<\/div>\n\t\t\t\t\t\t<\/div>\n\t\t\t\t<\/div>\n\t\t\t\t\t<\/div>\n\t\t<\/div>\n\t\t\t\t\t<\/div>\n\t\t<\/section>\n\t\t\t\t<section class=\"elementor-section elementor-top-section elementor-element elementor-element-e23677f elementor-section-boxed elementor-section-height-default elementor-section-height-default\" data-id=\"e23677f\" data-element_type=\"section\">\n\t\t\t\t\t\t<div class=\"elementor-container elementor-column-gap-default\">\n\t\t\t\t\t<div class=\"elementor-column elementor-col-100 elementor-top-column elementor-element elementor-element-b80963d\" data-id=\"b80963d\" data-element_type=\"column\">\n\t\t\t<div class=\"elementor-widget-wrap elementor-element-populated\">\n\t\t\t\t\t\t<div class=\"elementor-element elementor-element-4a7f697 elementor-widget elementor-widget-text-editor\" data-id=\"4a7f697\" data-element_type=\"widget\" data-widget_type=\"text-editor.default\">\n\t\t\t\t<div class=\"elementor-widget-container\">\n\t\t\t\t\t\t\t\t\t<p><span style=\"font-family: var( --e-global-typography-text-font-family ), Sans-serif;\">Le projet des propri\u00e9taires \u00e9tait de remplacer leur baie vitr\u00e9e actuelle par une nouvelle baie vitr\u00e9e ainsi que de nouvelles fen\u00eatres plus coh\u00e9rentes avec le reste du style et des menuiseries ext\u00e9rieurs de leur maison.\u00a0<\/span><\/p><p>Il a donc fallu dans un premier temps r\u00e9fl\u00e9chir \u00e0 comment agencer la nouvelle baie vitr\u00e9e et les fen\u00eatres. Ensuite, apr\u00e8s avoir r\u00e9fl\u00e9chi \u00e0 l&rsquo;agencement, nous avons d\u00fb\u00a0\u00e9tudier \u00e0 diff\u00e9rentes possibilit\u00e9s pour enlever correctement les anciennes menuiseries sans ab\u00eemer le mur. Apr\u00e8s, nous avons cass\u00e9 certaines parties du mur afin de tout adapter pour les nouvelles menuiseries mais aussi pour enlever plus facilement les anciennes. Pour finir, nous avons install\u00e9 les nouvelles menuiseries et termin\u00e9 les derni\u00e8res finitions.\u00a0<\/p>\t\t\t\t\t\t\t\t<\/div>\n\t\t\t\t<\/div>\n\t\t\t\t\t<\/div>\n\t\t<\/div>\n\t\t\t\t\t<\/div>\n\t\t<\/section>\n\t\t\t\t<section class=\"elementor-section elementor-top-section elementor-element elementor-element-ca65808 elementor-section-boxed elementor-section-height-default elementor-section-height-default\" data-id=\"ca65808\" data-element_type=\"section\">\n\t\t\t\t\t\t<div class=\"elementor-container elementor-column-gap-default\">\n\t\t\t\t\t<div class=\"elementor-column elementor-col-100 elementor-top-column elementor-element elementor-element-e650c64\" data-id=\"e650c64\" data-element_type=\"column\">\n\t\t\t<div class=\"elementor-widget-wrap elementor-element-populated\">\n\t\t\t\t\t\t<div class=\"elementor-element elementor-element-0acd2fc elementor-widget elementor-widget-spacer\" data-id=\"0acd2fc\" data-element_type=\"widget\" data-widget_type=\"spacer.default\">\n\t\t\t\t<div class=\"elementor-widget-container\">\n\t\t\t\t\t\t\t<div class=\"elementor-spacer\">\n\t\t\t<div class=\"elementor-spacer-inner\"><\/div>\n\t\t<\/div>\n\t\t\t\t\t\t<\/div>\n\t\t\t\t<\/div>\n\t\t\t\t\t<\/div>\n\t\t<\/div>\n\t\t\t\t\t<\/div>\n\t\t<\/section>\n\t\t\t\t<section class=\"elementor-section elementor-top-section elementor-element elementor-element-9c46765 elementor-section-boxed elementor-section-height-default elementor-section-height-default\" data-id=\"9c46765\" data-element_type=\"section\">\n\t\t\t\t\t\t<div class=\"elementor-container elementor-column-gap-default\">\n\t\t\t\t\t<div class=\"elementor-column elementor-col-100 elementor-top-column elementor-element elementor-element-70e8c64\" data-id=\"70e8c64\" data-element_type=\"column\">\n\t\t\t<div class=\"elementor-widget-wrap elementor-element-populated\">\n\t\t\t\t\t\t<div class=\"elementor-element elementor-element-30358b5 elementor-widget elementor-widget-heading\" data-id=\"30358b5\" data-element_type=\"widget\" data-widget_type=\"heading.default\">\n\t\t\t\t<div class=\"elementor-widget-container\">\n\t\t\t\t\t<h2 class=\"elementor-heading-title elementor-size-default\">Avant les travaux :<\/h2>\t\t\t\t<\/div>\n\t\t\t\t<\/div>\n\t\t\t\t<div class=\"elementor-element elementor-element-92924e1 elementor-widget elementor-widget-spacer\" data-id=\"92924e1\" data-element_type=\"widget\" data-widget_type=\"spacer.default\">\n\t\t\t\t<div class=\"elementor-widget-container\">\n\t\t\t\t\t\t\t<div class=\"elementor-spacer\">\n\t\t\t<div class=\"elementor-spacer-inner\"><\/div>\n\t\t<\/div>\n\t\t\t\t\t\t<\/div>\n\t\t\t\t<\/div>\n\t\t\t\t\t<\/div>\n\t\t<\/div>\n\t\t\t\t\t<\/div>\n\t\t<\/section>\n\t\t\t\t<section class=\"elementor-section elementor-top-section elementor-element elementor-element-ce90216 elementor-section-boxed elementor-section-height-default elementor-section-height-default\" data-id=\"ce90216\" data-element_type=\"section\">\n\t\t\t\t\t\t<div class=\"elementor-container elementor-column-gap-default\">\n\t\t\t\t\t<div class=\"elementor-column elementor-col-33 elementor-top-column elementor-element elementor-element-ab1b949\" data-id=\"ab1b949\" data-element_type=\"column\">\n\t\t\t<div class=\"elementor-widget-wrap elementor-element-populated\">\n\t\t\t\t\t\t<div class=\"elementor-element elementor-element-d8219b2 elementor-widget elementor-widget-image\" data-id=\"d8219b2\" data-element_type=\"widget\" data-widget_type=\"image.default\">\n\t\t\t\t<div class=\"elementor-widget-container\">\n\t\t\t\t\t\t\t\t\t\t\t\t\t\t\t<img fetchpriority=\"high\" decoding=\"async\" width=\"2560\" height=\"1920\" src=\"https:\/\/ecorenobat.fr\/wp-content\/uploads\/2023\/02\/IMG_5585-scaled.jpg\" class=\"attachment-full size-full wp-image-801\" alt=\"\" srcset=\"https:\/\/ecorenobat.fr\/wp-content\/uploads\/2023\/02\/IMG_5585-scaled.jpg 2560w, https:\/\/ecorenobat.fr\/wp-content\/uploads\/2023\/02\/IMG_5585-300x225.jpg 300w, https:\/\/ecorenobat.fr\/wp-content\/uploads\/2023\/02\/IMG_5585-1024x768.jpg 1024w, https:\/\/ecorenobat.fr\/wp-content\/uploads\/2023\/02\/IMG_5585-768x576.jpg 768w, https:\/\/ecorenobat.fr\/wp-content\/uploads\/2023\/02\/IMG_5585-1536x1152.jpg 1536w, https:\/\/ecorenobat.fr\/wp-content\/uploads\/2023\/02\/IMG_5585-2048x1536.jpg 2048w\" sizes=\"(max-width: 2560px) 100vw, 2560px\" \/>\t\t\t\t\t\t\t\t\t\t\t\t\t\t\t<\/div>\n\t\t\t\t<\/div>\n\t\t\t\t\t<\/div>\n\t\t<\/div>\n\t\t\t\t<div class=\"elementor-column elementor-col-33 elementor-top-column elementor-element elementor-element-61387b7\" data-id=\"61387b7\" data-element_type=\"column\">\n\t\t\t<div class=\"elementor-widget-wrap elementor-element-populated\">\n\t\t\t\t\t\t<div class=\"elementor-element elementor-element-e89f5b0 elementor-widget elementor-widget-image\" data-id=\"e89f5b0\" data-element_type=\"widget\" data-widget_type=\"image.default\">\n\t\t\t\t<div class=\"elementor-widget-container\">\n\t\t\t\t\t\t\t\t\t\t\t\t\t\t\t<img decoding=\"async\" width=\"2560\" height=\"1920\" src=\"https:\/\/ecorenobat.fr\/wp-content\/uploads\/2023\/02\/IMG_5584-scaled.jpg\" class=\"attachment-full size-full wp-image-802\" alt=\"\" srcset=\"https:\/\/ecorenobat.fr\/wp-content\/uploads\/2023\/02\/IMG_5584-scaled.jpg 2560w, https:\/\/ecorenobat.fr\/wp-content\/uploads\/2023\/02\/IMG_5584-300x225.jpg 300w, https:\/\/ecorenobat.fr\/wp-content\/uploads\/2023\/02\/IMG_5584-1024x768.jpg 1024w, https:\/\/ecorenobat.fr\/wp-content\/uploads\/2023\/02\/IMG_5584-768x576.jpg 768w, https:\/\/ecorenobat.fr\/wp-content\/uploads\/2023\/02\/IMG_5584-1536x1152.jpg 1536w, https:\/\/ecorenobat.fr\/wp-content\/uploads\/2023\/02\/IMG_5584-2048x1536.jpg 2048w\" sizes=\"(max-width: 2560px) 100vw, 2560px\" \/>\t\t\t\t\t\t\t\t\t\t\t\t\t\t\t<\/div>\n\t\t\t\t<\/div>\n\t\t\t\t\t<\/div>\n\t\t<\/div>\n\t\t\t\t<div class=\"elementor-column elementor-col-33 elementor-top-column elementor-element elementor-element-48edf32\" data-id=\"48edf32\" data-element_type=\"column\">\n\t\t\t<div class=\"elementor-widget-wrap elementor-element-populated\">\n\t\t\t\t\t\t<div class=\"elementor-element elementor-element-e46e339 elementor-widget elementor-widget-image\" data-id=\"e46e339\" data-element_type=\"widget\" data-widget_type=\"image.default\">\n\t\t\t\t<div class=\"elementor-widget-container\">\n\t\t\t\t\t\t\t\t\t\t\t\t\t\t\t<img decoding=\"async\" width=\"2560\" height=\"1920\" src=\"https:\/\/ecorenobat.fr\/wp-content\/uploads\/2023\/02\/IMG_5579-scaled.jpg\" class=\"attachment-full size-full wp-image-806\" alt=\"\" srcset=\"https:\/\/ecorenobat.fr\/wp-content\/uploads\/2023\/02\/IMG_5579-scaled.jpg 2560w, https:\/\/ecorenobat.fr\/wp-content\/uploads\/2023\/02\/IMG_5579-300x225.jpg 300w, https:\/\/ecorenobat.fr\/wp-content\/uploads\/2023\/02\/IMG_5579-1024x768.jpg 1024w, https:\/\/ecorenobat.fr\/wp-content\/uploads\/2023\/02\/IMG_5579-768x576.jpg 768w, https:\/\/ecorenobat.fr\/wp-content\/uploads\/2023\/02\/IMG_5579-1536x1152.jpg 1536w, https:\/\/ecorenobat.fr\/wp-content\/uploads\/2023\/02\/IMG_5579-2048x1536.jpg 2048w\" sizes=\"(max-width: 2560px) 100vw, 2560px\" \/>\t\t\t\t\t\t\t\t\t\t\t\t\t\t\t<\/div>\n\t\t\t\t<\/div>\n\t\t\t\t\t<\/div>\n\t\t<\/div>\n\t\t\t\t\t<\/div>\n\t\t<\/section>\n\t\t\t\t<section class=\"elementor-section elementor-top-section elementor-element elementor-element-8c20bde elementor-section-boxed elementor-section-height-default elementor-section-height-default\" data-id=\"8c20bde\" data-element_type=\"section\">\n\t\t\t\t\t\t<div class=\"elementor-container elementor-column-gap-default\">\n\t\t\t\t\t<div class=\"elementor-column elementor-col-100 elementor-top-column elementor-element elementor-element-222d6e8\" data-id=\"222d6e8\" data-element_type=\"column\">\n\t\t\t<div class=\"elementor-widget-wrap elementor-element-populated\">\n\t\t\t\t\t\t<div class=\"elementor-element elementor-element-50b1cfa elementor-widget elementor-widget-spacer\" data-id=\"50b1cfa\" data-element_type=\"widget\" data-widget_type=\"spacer.default\">\n\t\t\t\t<div class=\"elementor-widget-container\">\n\t\t\t\t\t\t\t<div class=\"elementor-spacer\">\n\t\t\t<div class=\"elementor-spacer-inner\"><\/div>\n\t\t<\/div>\n\t\t\t\t\t\t<\/div>\n\t\t\t\t<\/div>\n\t\t\t\t\t<\/div>\n\t\t<\/div>\n\t\t\t\t\t<\/div>\n\t\t<\/section>\n\t\t\t\t<section class=\"elementor-section elementor-top-section elementor-element elementor-element-5eb20be elementor-section-boxed elementor-section-height-default elementor-section-height-default\" data-id=\"5eb20be\" data-element_type=\"section\">\n\t\t\t\t\t\t<div class=\"elementor-container elementor-column-gap-default\">\n\t\t\t\t\t<div class=\"elementor-column elementor-col-100 elementor-top-column elementor-element elementor-element-8f1c2ea\" data-id=\"8f1c2ea\" data-element_type=\"column\">\n\t\t\t<div class=\"elementor-widget-wrap elementor-element-populated\">\n\t\t\t\t\t\t<div class=\"elementor-element elementor-element-fe1e8f4 elementor-widget elementor-widget-heading\" data-id=\"fe1e8f4\" data-element_type=\"widget\" data-widget_type=\"heading.default\">\n\t\t\t\t<div class=\"elementor-widget-container\">\n\t\t\t\t\t<h2 class=\"elementor-heading-title elementor-size-default\">D\u00e9but des travaux et d\u00e9montage de la baie vitr\u00e9e :<\/h2>\t\t\t\t<\/div>\n\t\t\t\t<\/div>\n\t\t\t\t<div class=\"elementor-element elementor-element-a48e9f9 elementor-widget elementor-widget-spacer\" data-id=\"a48e9f9\" data-element_type=\"widget\" data-widget_type=\"spacer.default\">\n\t\t\t\t<div class=\"elementor-widget-container\">\n\t\t\t\t\t\t\t<div class=\"elementor-spacer\">\n\t\t\t<div class=\"elementor-spacer-inner\"><\/div>\n\t\t<\/div>\n\t\t\t\t\t\t<\/div>\n\t\t\t\t<\/div>\n\t\t\t\t\t<\/div>\n\t\t<\/div>\n\t\t\t\t\t<\/div>\n\t\t<\/section>\n\t\t\t\t<section class=\"elementor-section elementor-top-section elementor-element elementor-element-d3264e7 elementor-section-boxed elementor-section-height-default elementor-section-height-default\" data-id=\"d3264e7\" data-element_type=\"section\">\n\t\t\t\t\t\t<div class=\"elementor-container elementor-column-gap-default\">\n\t\t\t\t\t<div class=\"elementor-column elementor-col-50 elementor-top-column elementor-element elementor-element-91e73e1\" data-id=\"91e73e1\" data-element_type=\"column\">\n\t\t\t<div class=\"elementor-widget-wrap elementor-element-populated\">\n\t\t\t\t\t\t<div class=\"elementor-element elementor-element-c68e1eb elementor-widget elementor-widget-image\" data-id=\"c68e1eb\" data-element_type=\"widget\" data-widget_type=\"image.default\">\n\t\t\t\t<div class=\"elementor-widget-container\">\n\t\t\t\t\t\t\t\t\t\t\t\t\t\t\t<img loading=\"lazy\" decoding=\"async\" width=\"2560\" height=\"1920\" src=\"https:\/\/ecorenobat.fr\/wp-content\/uploads\/2023\/02\/IMG_2470-scaled.jpg\" class=\"attachment-full size-full wp-image-811\" alt=\"\" srcset=\"https:\/\/ecorenobat.fr\/wp-content\/uploads\/2023\/02\/IMG_2470-scaled.jpg 2560w, https:\/\/ecorenobat.fr\/wp-content\/uploads\/2023\/02\/IMG_2470-300x225.jpg 300w, https:\/\/ecorenobat.fr\/wp-content\/uploads\/2023\/02\/IMG_2470-1024x768.jpg 1024w, https:\/\/ecorenobat.fr\/wp-content\/uploads\/2023\/02\/IMG_2470-768x576.jpg 768w, https:\/\/ecorenobat.fr\/wp-content\/uploads\/2023\/02\/IMG_2470-1536x1152.jpg 1536w, https:\/\/ecorenobat.fr\/wp-content\/uploads\/2023\/02\/IMG_2470-2048x1536.jpg 2048w\" sizes=\"(max-width: 2560px) 100vw, 2560px\" \/>\t\t\t\t\t\t\t\t\t\t\t\t\t\t\t<\/div>\n\t\t\t\t<\/div>\n\t\t\t\t\t<\/div>\n\t\t<\/div>\n\t\t\t\t<div class=\"elementor-column elementor-col-50 elementor-top-column elementor-element elementor-element-decfc2c\" data-id=\"decfc2c\" data-element_type=\"column\">\n\t\t\t<div class=\"elementor-widget-wrap elementor-element-populated\">\n\t\t\t\t\t\t<div class=\"elementor-element elementor-element-47d16bd elementor-widget elementor-widget-image\" data-id=\"47d16bd\" data-element_type=\"widget\" data-widget_type=\"image.default\">\n\t\t\t\t<div class=\"elementor-widget-container\">\n\t\t\t\t\t\t\t\t\t\t\t\t\t\t\t<img loading=\"lazy\" decoding=\"async\" width=\"2560\" height=\"1920\" src=\"https:\/\/ecorenobat.fr\/wp-content\/uploads\/2023\/02\/IMG_2482-scaled.jpg\" class=\"attachment-full size-full wp-image-812\" alt=\"\" srcset=\"https:\/\/ecorenobat.fr\/wp-content\/uploads\/2023\/02\/IMG_2482-scaled.jpg 2560w, https:\/\/ecorenobat.fr\/wp-content\/uploads\/2023\/02\/IMG_2482-300x225.jpg 300w, https:\/\/ecorenobat.fr\/wp-content\/uploads\/2023\/02\/IMG_2482-1024x768.jpg 1024w, https:\/\/ecorenobat.fr\/wp-content\/uploads\/2023\/02\/IMG_2482-768x576.jpg 768w, https:\/\/ecorenobat.fr\/wp-content\/uploads\/2023\/02\/IMG_2482-1536x1152.jpg 1536w, https:\/\/ecorenobat.fr\/wp-content\/uploads\/2023\/02\/IMG_2482-2048x1536.jpg 2048w\" sizes=\"(max-width: 2560px) 100vw, 2560px\" \/>\t\t\t\t\t\t\t\t\t\t\t\t\t\t\t<\/div>\n\t\t\t\t<\/div>\n\t\t\t\t\t<\/div>\n\t\t<\/div>\n\t\t\t\t\t<\/div>\n\t\t<\/section>\n\t\t\t\t<section class=\"elementor-section elementor-top-section elementor-element elementor-element-ed5ed9e elementor-section-boxed elementor-section-height-default elementor-section-height-default\" data-id=\"ed5ed9e\" data-element_type=\"section\">\n\t\t\t\t\t\t<div class=\"elementor-container elementor-column-gap-default\">\n\t\t\t\t\t<div class=\"elementor-column elementor-col-100 elementor-top-column elementor-element elementor-element-9dae4da\" data-id=\"9dae4da\" data-element_type=\"column\">\n\t\t\t<div class=\"elementor-widget-wrap elementor-element-populated\">\n\t\t\t\t\t\t<div class=\"elementor-element elementor-element-ed90af9 elementor-widget elementor-widget-spacer\" data-id=\"ed90af9\" data-element_type=\"widget\" data-widget_type=\"spacer.default\">\n\t\t\t\t<div class=\"elementor-widget-container\">\n\t\t\t\t\t\t\t<div class=\"elementor-spacer\">\n\t\t\t<div class=\"elementor-spacer-inner\"><\/div>\n\t\t<\/div>\n\t\t\t\t\t\t<\/div>\n\t\t\t\t<\/div>\n\t\t\t\t\t<\/div>\n\t\t<\/div>\n\t\t\t\t\t<\/div>\n\t\t<\/section>\n\t\t\t\t<section class=\"elementor-section elementor-top-section elementor-element elementor-element-bd8fbb9 elementor-section-boxed elementor-section-height-default elementor-section-height-default\" data-id=\"bd8fbb9\" data-element_type=\"section\">\n\t\t\t\t\t\t<div class=\"elementor-container elementor-column-gap-default\">\n\t\t\t\t\t<div class=\"elementor-column elementor-col-100 elementor-top-column elementor-element elementor-element-1a16f36\" data-id=\"1a16f36\" data-element_type=\"column\">\n\t\t\t<div class=\"elementor-widget-wrap elementor-element-populated\">\n\t\t\t\t\t\t<div class=\"elementor-element elementor-element-fcdc3ba elementor-widget elementor-widget-heading\" data-id=\"fcdc3ba\" data-element_type=\"widget\" data-widget_type=\"heading.default\">\n\t\t\t\t<div class=\"elementor-widget-container\">\n\t\t\t\t\t<h2 class=\"elementor-heading-title elementor-size-default\">Installation de la nouvelle baie vitr\u00e9e et fin des travaux :<\/h2>\t\t\t\t<\/div>\n\t\t\t\t<\/div>\n\t\t\t\t<div class=\"elementor-element elementor-element-0babf27 elementor-widget elementor-widget-spacer\" data-id=\"0babf27\" data-element_type=\"widget\" data-widget_type=\"spacer.default\">\n\t\t\t\t<div class=\"elementor-widget-container\">\n\t\t\t\t\t\t\t<div class=\"elementor-spacer\">\n\t\t\t<div class=\"elementor-spacer-inner\"><\/div>\n\t\t<\/div>\n\t\t\t\t\t\t<\/div>\n\t\t\t\t<\/div>\n\t\t\t\t\t<\/div>\n\t\t<\/div>\n\t\t\t\t\t<\/div>\n\t\t<\/section>\n\t\t\t\t<section class=\"elementor-section elementor-top-section elementor-element elementor-element-9764485 elementor-section-boxed elementor-section-height-default elementor-section-height-default\" data-id=\"9764485\" data-element_type=\"section\">\n\t\t\t\t\t\t<div class=\"elementor-container elementor-column-gap-default\">\n\t\t\t\t\t<div class=\"elementor-column elementor-col-33 elementor-top-column elementor-element elementor-element-2e53933\" data-id=\"2e53933\" data-element_type=\"column\">\n\t\t\t<div class=\"elementor-widget-wrap elementor-element-populated\">\n\t\t\t\t\t\t<div class=\"elementor-element elementor-element-7d260c9 elementor-widget elementor-widget-image\" data-id=\"7d260c9\" data-element_type=\"widget\" data-widget_type=\"image.default\">\n\t\t\t\t<div class=\"elementor-widget-container\">\n\t\t\t\t\t\t\t\t\t\t\t\t\t\t\t<img loading=\"lazy\" decoding=\"async\" width=\"2560\" height=\"1440\" src=\"https:\/\/ecorenobat.fr\/wp-content\/uploads\/2023\/02\/IMG_2566-scaled.jpg\" class=\"attachment-full size-full wp-image-813\" alt=\"\" srcset=\"https:\/\/ecorenobat.fr\/wp-content\/uploads\/2023\/02\/IMG_2566-scaled.jpg 2560w, https:\/\/ecorenobat.fr\/wp-content\/uploads\/2023\/02\/IMG_2566-300x169.jpg 300w, https:\/\/ecorenobat.fr\/wp-content\/uploads\/2023\/02\/IMG_2566-1024x576.jpg 1024w, https:\/\/ecorenobat.fr\/wp-content\/uploads\/2023\/02\/IMG_2566-768x432.jpg 768w, https:\/\/ecorenobat.fr\/wp-content\/uploads\/2023\/02\/IMG_2566-1536x864.jpg 1536w, https:\/\/ecorenobat.fr\/wp-content\/uploads\/2023\/02\/IMG_2566-2048x1152.jpg 2048w\" sizes=\"(max-width: 2560px) 100vw, 2560px\" \/>\t\t\t\t\t\t\t\t\t\t\t\t\t\t\t<\/div>\n\t\t\t\t<\/div>\n\t\t\t\t\t<\/div>\n\t\t<\/div>\n\t\t\t\t<div class=\"elementor-column elementor-col-33 elementor-top-column elementor-element elementor-element-167d9b0\" data-id=\"167d9b0\" data-element_type=\"column\">\n\t\t\t<div class=\"elementor-widget-wrap elementor-element-populated\">\n\t\t\t\t\t\t<div class=\"elementor-element elementor-element-b88c558 elementor-widget elementor-widget-image\" data-id=\"b88c558\" data-element_type=\"widget\" data-widget_type=\"image.default\">\n\t\t\t\t<div class=\"elementor-widget-container\">\n\t\t\t\t\t\t\t\t\t\t\t\t\t\t\t<img loading=\"lazy\" decoding=\"async\" width=\"300\" height=\"225\" src=\"https:\/\/ecorenobat.fr\/wp-content\/uploads\/2023\/02\/IMG_2483-300x225.jpg\" class=\"attachment-medium size-medium wp-image-814\" alt=\"\" srcset=\"https:\/\/ecorenobat.fr\/wp-content\/uploads\/2023\/02\/IMG_2483-300x225.jpg 300w, https:\/\/ecorenobat.fr\/wp-content\/uploads\/2023\/02\/IMG_2483-1024x768.jpg 1024w, https:\/\/ecorenobat.fr\/wp-content\/uploads\/2023\/02\/IMG_2483-768x576.jpg 768w, https:\/\/ecorenobat.fr\/wp-content\/uploads\/2023\/02\/IMG_2483-1536x1152.jpg 1536w, https:\/\/ecorenobat.fr\/wp-content\/uploads\/2023\/02\/IMG_2483-2048x1536.jpg 2048w\" sizes=\"(max-width: 300px) 100vw, 300px\" \/>\t\t\t\t\t\t\t\t\t\t\t\t\t\t\t<\/div>\n\t\t\t\t<\/div>\n\t\t\t\t\t<\/div>\n\t\t<\/div>\n\t\t\t\t<div class=\"elementor-column elementor-col-33 elementor-top-column elementor-element elementor-element-95e92d1\" data-id=\"95e92d1\" data-element_type=\"column\">\n\t\t\t<div class=\"elementor-widget-wrap elementor-element-populated\">\n\t\t\t\t\t\t<div class=\"elementor-element elementor-element-2c0b743 elementor-widget elementor-widget-image\" data-id=\"2c0b743\" data-element_type=\"widget\" data-widget_type=\"image.default\">\n\t\t\t\t<div class=\"elementor-widget-container\">\n\t\t\t\t\t\t\t\t\t\t\t\t\t\t\t<img loading=\"lazy\" decoding=\"async\" width=\"300\" height=\"225\" src=\"https:\/\/ecorenobat.fr\/wp-content\/uploads\/2023\/02\/67457630875__2D4F93CE-9E43-4FF3-A12D-F753DD8CF62D.fullsizerender-1-300x225.jpg\" class=\"attachment-medium size-medium wp-image-815\" alt=\"\" srcset=\"https:\/\/ecorenobat.fr\/wp-content\/uploads\/2023\/02\/67457630875__2D4F93CE-9E43-4FF3-A12D-F753DD8CF62D.fullsizerender-1-300x225.jpg 300w, https:\/\/ecorenobat.fr\/wp-content\/uploads\/2023\/02\/67457630875__2D4F93CE-9E43-4FF3-A12D-F753DD8CF62D.fullsizerender-1-1024x768.jpg 1024w, https:\/\/ecorenobat.fr\/wp-content\/uploads\/2023\/02\/67457630875__2D4F93CE-9E43-4FF3-A12D-F753DD8CF62D.fullsizerender-1-768x576.jpg 768w, https:\/\/ecorenobat.fr\/wp-content\/uploads\/2023\/02\/67457630875__2D4F93CE-9E43-4FF3-A12D-F753DD8CF62D.fullsizerender-1-1536x1152.jpg 1536w, https:\/\/ecorenobat.fr\/wp-content\/uploads\/2023\/02\/67457630875__2D4F93CE-9E43-4FF3-A12D-F753DD8CF62D.fullsizerender-1-2048x1536.jpg 2048w\" sizes=\"(max-width: 300px) 100vw, 300px\" \/>\t\t\t\t\t\t\t\t\t\t\t\t\t\t\t<\/div>\n\t\t\t\t<\/div>\n\t\t\t\t\t<\/div>\n\t\t<\/div>\n\t\t\t\t\t<\/div>\n\t\t<\/section>\n\t\t\t\t<\/div>\n\t\t","protected":false},"excerpt":{"rendered":"<p>Travaux d&rsquo;am\u00e9nagement et d&rsquo;installation d&rsquo;une baie vitr\u00e9e Le projet des propri\u00e9taires \u00e9tait de remplacer leur baie vitr\u00e9e actuelle par une nouvelle baie vitr\u00e9e ainsi que de nouvelles fen\u00eatres plus coh\u00e9rentes avec le reste du style et des menuiseries ext\u00e9rieurs de leur maison.\u00a0 Il a donc fallu dans un premier temps r\u00e9fl\u00e9chir \u00e0 comment agencer la [&hellip;]<\/p>\n","protected":false},"author":1,"featured_media":0,"parent":0,"menu_order":0,"comment_status":"closed","ping_status":"closed","template":"","meta":{"footnotes":""},"class_list":["post-628","page","type-page","status-publish","hentry"],"_links":{"self":[{"href":"https:\/\/ecorenobat.fr\/index.php?rest_route=\/wp\/v2\/pages\/628","targetHints":{"allow":["GET"]}}],"collection":[{"href":"https:\/\/ecorenobat.fr\/index.php?rest_route=\/wp\/v2\/pages"}],"about":[{"href":"https:\/\/ecorenobat.fr\/index.php?rest_route=\/wp\/v2\/types\/page"}],"author":[{"embeddable":true,"href":"https:\/\/ecorenobat.fr\/index.php?rest_route=\/wp\/v2\/users\/1"}],"replies":[{"embeddable":true,"href":"https:\/\/ecorenobat.fr\/index.php?rest_route=%2Fwp%2Fv2%2Fcomments&post=628"}],"version-history":[{"count":65,"href":"https:\/\/ecorenobat.fr\/index.php?rest_route=\/wp\/v2\/pages\/628\/revisions"}],"predecessor-version":[{"id":1203,"href":"https:\/\/ecorenobat.fr\/index.php?rest_route=\/wp\/v2\/pages\/628\/revisions\/1203"}],"wp:attachment":[{"href":"https:\/\/ecorenobat.fr\/index.php?rest_route=%2Fwp%2Fv2%2Fmedia&parent=628"}],"curies":[{"name":"wp","href":"https:\/\/api.w.org\/{rel}","templated":true}]}}