{"id":3,"date":"2023-02-12T19:09:46","date_gmt":"2023-02-12T18:09:46","guid":{"rendered":"http:\/\/ecorenobat.fr\/?page_id=3"},"modified":"2023-02-19T16:44:41","modified_gmt":"2023-02-19T15:44:41","slug":"politique-de-confidentialite","status":"publish","type":"page","link":"https:\/\/ecorenobat.fr\/?page_id=3","title":{"rendered":"Conditions g\u00e9n\u00e9rales d&rsquo;utilisation"},"content":{"rendered":"\t\t<div data-elementor-type=\"wp-page\" data-elementor-id=\"3\" class=\"elementor elementor-3\" data-elementor-post-type=\"page\">\n\t\t\t\t\t\t<section class=\"elementor-section elementor-top-section elementor-element elementor-element-60c906bc elementor-section-boxed elementor-section-height-default elementor-section-height-default\" data-id=\"60c906bc\" data-element_type=\"section\">\n\t\t\t\t\t\t<div class=\"elementor-container elementor-column-gap-default\">\n\t\t\t\t\t<div class=\"elementor-column elementor-col-100 elementor-top-column elementor-element elementor-element-6bfeee6a\" data-id=\"6bfeee6a\" data-element_type=\"column\">\n\t\t\t<div class=\"elementor-widget-wrap elementor-element-populated\">\n\t\t\t\t\t\t<div class=\"elementor-element elementor-element-30ab5af elementor-widget elementor-widget-heading\" data-id=\"30ab5af\" data-element_type=\"widget\" data-widget_type=\"heading.default\">\n\t\t\t\t<div class=\"elementor-widget-container\">\n\t\t\t\t\t<h2 class=\"elementor-heading-title elementor-size-default\">Conditions g\u00e9n\u00e9rales d'utilisation<\/h2>\t\t\t\t<\/div>\n\t\t\t\t<\/div>\n\t\t\t\t<div class=\"elementor-element elementor-element-63597b5 elementor-widget elementor-widget-spacer\" data-id=\"63597b5\" data-element_type=\"widget\" data-widget_type=\"spacer.default\">\n\t\t\t\t<div class=\"elementor-widget-container\">\n\t\t\t\t\t\t\t<div class=\"elementor-spacer\">\n\t\t\t<div class=\"elementor-spacer-inner\"><\/div>\n\t\t<\/div>\n\t\t\t\t\t\t<\/div>\n\t\t\t\t<\/div>\n\t\t\t\t<div class=\"elementor-element elementor-element-324cf610 elementor-widget elementor-widget-text-editor\" data-id=\"324cf610\" data-element_type=\"widget\" data-widget_type=\"text-editor.default\">\n\t\t\t\t<div class=\"elementor-widget-container\">\n\t\t\t\t\t\t\t\t\t<p><\/p>\n<p>\u00ab\u00a0Site\u00a0\u00bb ou \u00ab\u00a0Site internet\u00a0\u00bb : d\u00e9signe le service \u00e9lectronique interactif \u00e9dit\u00e9 et exploit\u00e9 par la soci\u00e9t\u00e9, accessible notamment \u00e0 l&rsquo;adresse ecorenobat.fr, depuis lequel elle permet l&rsquo;acc\u00e8s \u00e0 ses Produits et Services.<\/p>\n<p>\u00ab\u00a0Utilisateur\u00a0\u00bb : d\u00e9signe toute personne physique qui acc\u00e8de au Site Internet dans le cadre d&rsquo;un usage strictement priv\u00e9.<\/p>\n<p>\u00ab\u00a0Soci\u00e9t\u00e9\u00a0\u00bb : d\u00e9signe l&rsquo;entreprise Ecorenobat.<\/p>\n<p>\u00a0<\/p>\n<h2 class=\"wp-block-heading\">1. Avertissement et Objet<\/h2>\n<p>\u00a0<\/p>\n<p>La soci\u00e9t\u00e9 Ecorenobat s&rsquo;engage \u00e0 respecter l&rsquo;ensemble des lois concernant la mise en place et l&rsquo;activit\u00e9 d&rsquo;un site Internet. L&rsquo;\u00e9diteur attire l&rsquo;attention des usagers de son site sur les points ci-apr\u00e8s.\u00a0<\/p>\n<div class=\"page\" title=\"Page 1\">\n<div class=\"section\">\n<div class=\"layoutArea\">\n<div class=\"column\">\n<p>Les pre\u0301sentes conditions ge\u0301ne\u0301rales d\u2019utilisation (ci-apre\u0300s de\u0301signe\u0301es \u00ab CGU \u00bb) ont pour vocation de re\u0301gir l\u2019utilisation du site ecorenobat.fr.\u00a0<\/p>\n<\/div>\n<div class=\"page\" title=\"Page 1\">\n<div class=\"section\">\n<div class=\"layoutArea\">\n<div class=\"column\">\n<p>La navigation sur le site ecorenobat.fr emporte de plein droit l&rsquo;acceptation expresse et sans re\u0301serves par l\u2019Utilisateur des pre\u0301sentes CGU.<\/p>\n<p><strong>D\u00e9signation des services :<\/strong><\/p>\n<\/div>\n<p>Les services propos\u00e9s par la soci\u00e9t\u00e9 sont les suivants :<\/p>\n<ul>\n<li>L&rsquo;acc\u00e8s \u00e0 son site Internet accessible \u00e0 l&rsquo;adresse ecorenobat.fr<\/li>\n<li>La possibilit\u00e9 de comp\u00e9ter un formulaire de contact afin de communiquer directement avec l&rsquo;entreprise pour recevoir un devis<\/li>\n<\/ul>\n<h2>\u00a0<\/h2>\n<h2>2. Conditions d&rsquo;acc\u00e8s et d&rsquo;utilisation<\/h2>\n<\/div>\n<\/div>\n<\/div>\n<\/div>\n<\/div>\n<\/div>\n<p>\u00a0<\/p>\n<div class=\"page\" title=\"Page 1\">\n<div class=\"section\">\n<div class=\"layoutArea\">\n<div class=\"column\">\n<ul>\n<li>\n<p>Les pre\u0301sentes conditions ge\u0301ne\u0301rales pouvant faire l&rsquo;objet de modifications, les conditions applicables sont celles en vigueur et accessibles sur le Site Internet de la Socie\u0301te\u0301 dans la section \u00ab\u00a0Conditions g\u00e9n\u00e9rales d&rsquo;utilisation\u00a0\u00bb.<\/p>\n<\/li>\n<li>\n<p>L&rsquo;Utilisateur reconnai\u0302t disposer de la compe\u0301tence et des moyens ne\u0301cessaires pour acce\u0301der et utiliser le Site, avoir ve\u0301rifie\u0301 que la configuration informatique utilise\u0301e par lui ne contient aucun virus et qu&rsquo;elle est en bon e\u0301tat de fonctionnement.<\/p>\n<\/li>\n<li>\n<p>Les validations sont conside\u0301re\u0301es par l&rsquo;Utilisateur comme ayant la valeur d&rsquo;une acceptation des pages parcourues, et ainsi, l&rsquo;Utilisateur reconnai\u0302t avoir e\u0301te\u0301 comple\u0300tement informe\u0301 du contenu des pages concerne\u0301es lorsqu&rsquo;il proce\u0300de a\u0300 la validation.<\/p>\n<\/li>\n<li>\n<p>Les Services sont librement accessibles en ligne sur le Site Internet de la Socie\u0301te\u0301.<\/p>\n<\/li>\n<li>\n<p>La Socie\u0301te\u0301 fait ses meilleurs efforts afin de rendre ses Services disponibles 24 heures sur 24 et 7 jours sur 7, inde\u0301pendamment des ope\u0301rations de maintenance desdits Services et\/ou Serveurs et\/ou du Site Internet. \u00c0 ce titre, la Socie\u0301te\u0301 est tenue uniquement d&rsquo;une obligation de moyen.<\/p>\n<\/li>\n<li>\n<p>La Socie\u0301te\u0301 se re\u0301serve la possibilite\u0301 de modifier, interrompre, a\u0300 tout moment, temporairement ou de manie\u0300re permanente tout ou partie des Services et ou du Site sans information pre\u0301alable des Utilisateurs et sans droit a\u0300 indemnite\u0301s, la Socie\u0301te\u0301 ne pouvant e\u0302tre tenue responsable des conse\u0301quences re\u0301sultant de telles interruptions ou modifications.<\/p>\n<\/li>\n<li>\n<p>Plus ge\u0301ne\u0301ralement, la Socie\u0301te\u0301 se re\u0301serve le droit d&rsquo;apporter toutes modifications de quelque nature qu&rsquo;elles soient au contenu du site, les informations communique\u0301es n&rsquo;e\u0301tant garanties qu&rsquo;a\u0300 la date de mise a\u0300 jour du Site mentionne\u0301e sur la page d&rsquo;accueil, l&rsquo;Utilisateur au-dela\u0300 de cette date devant s&rsquo;assurer du maintien des conditions propose\u0301es.<\/p>\n<\/li>\n<\/ul>\n<\/div>\n<\/div>\n<\/div>\n<\/div>\n<h2>\u00a0<\/h2>\n<h2>3. Garantie g\u00e9n\u00e9rale de l&rsquo;Utilisateur du Site Internet<\/h2>\n<p>\u00a0<\/p>\n<p>En acc\u00e9dant au Site Internet de la Soci\u00e9t\u00e9, l&rsquo;Utilisateur d\u00e9clare, garantit et s&rsquo;engage \u00e0 :\u00a0<\/p>\n<div class=\"page\" title=\"Page 3\">\n<div class=\"section\">\n<div class=\"layoutArea\">\n<div class=\"column\">\n<ul>\n<li>\n<p>Acce\u0301der et utiliser le Site Internet et les Services en toute bonne foi, conforme\u0301ment aux termes des pre\u0301sentes Conditions ge\u0301ne\u0301rale et pour un usage personnel et prive\u0301.<\/p>\n<\/li>\n<li>\n<p>N\u2019utilisez aucun dispositif ayant pour objet et\/ou pour effet d&rsquo;affecter le bon fonctionnement du Site Internet et\/ou des Services qu&rsquo;il contient.<\/p>\n<\/li>\n<li>\n<p>Ne pas acce\u0301der et\/ou utiliser le Site Internet et\/ou les Services fournis par la Socie\u0301te\u0301 sur ledit Site Internet a\u0300 des fins illicites et\/ou dans le but de causer un pre\u0301judice a\u0300 la re\u0301putation et l&rsquo;image de la Socie\u0301te\u0301 ou plus ge\u0301ne\u0301ralement a\u0300 porter atteinte aux droits, notamment de proprie\u0301te\u0301 intellectuelle, de la Socie\u0301te\u0301 et\/ou de tiers.<\/p>\n<\/li>\n<li>\n<p>Ne pas reproduire, repre\u0301senter tout ou partie du Site Internet a\u0300 des fins prive\u0301es au-dela\u0300 des exceptions le\u0301gales pre\u0301vues, en particulier par le Code de la proprie\u0301te\u0301 intellectuelle, ou en vue d&rsquo;une commercialisation directe ou indirecte notamment aupre\u0300s de tiers.<\/p>\n<\/li>\n<li>\n<p>Ne pas contrevenir aux dispositions des articles 323-1 a\u0300 323-7 du Code Pe\u0301nal re\u0301primant les pratiques dites de \u00a0\u00bb hacking \u00ab\u00a0.<\/p>\n<\/li>\n<li>\n<p>Ne pas tenter d\u2019acce\u0301der aux bases de donne\u0301es du Site aux fins notamment d\u2019utiliser et\/ou exploiter les coordonne\u0301es e\u0301lectroniques et\/ou postales des autres Utilisateurs du Site Internet.\u00a0<\/p>\n<\/li>\n<\/ul>\n<p>En cas de manquement \u00e0 l&rsquo;une ou l&rsquo;autre de ces obligations et, sans que cette liste ne soit limitative, l&rsquo;Utilisateur reconna\u00eet\u00a0et accepte que la Soci\u00e9t\u00e9 aura la facult\u00e9 de lui refuser, unilat\u00e9ralement et sans notification pr\u00e9alable, l&rsquo;acc\u00e8s \u00e0 tout ou partie du Site Internet, sans pr\u00e9judice de toute action, r\u00e9clamation, indemnisation que la Soci\u00e9t\u00e9 pourrait r\u00e9clamer \u00e0 l&rsquo;Utilisateur du fait de ces manquements.\u00a0<\/p>\n<\/div>\n<h2>\u00a0<\/h2>\n<h2>4. Limitation de responsabilit\u00e9<\/h2>\n<p>\u00a0<\/p>\n<\/div>\n<\/div>\n<\/div>\n<div class=\"page\" title=\"Page 4\">\n<div class=\"section\">\n<div class=\"layoutArea\">\n<div class=\"column\">\n<p>L&rsquo;Utilisateur est seul responsable de l&rsquo;utilisation qu&rsquo;il fait du Site Internet et des Services auxquels il acce\u0300de depuis le Site Internet.\u2028<\/p>\n<div class=\"page\" title=\"Page 4\">\n<div class=\"section\">\n<div class=\"layoutArea\">\n<div class=\"column\">\n<p>La Socie\u0301te\u0301 ne pourra en aucun cas e\u0302tre tenue responsable dans le cadre d&rsquo;une proce\u0301dure introduite a\u0300 l&rsquo;encontre de l&rsquo;Utilisateur qui se serait rendu coupable d&rsquo;une utilisation non-conforme du Site Internet et\/ou des Services qu&rsquo;il procure.\u2028<\/p>\n<div class=\"page\" title=\"Page 4\">\n<div class=\"section\">\n<div class=\"layoutArea\">\n<div class=\"column\">\n<p>L&rsquo;Utilisateur reconnai\u0302t et accepte a\u0300 cet e\u0301gard qu&rsquo;il fera son affaire personnelle de toute re\u0301clamation ou proce\u0301dure forme\u0301e contre la Socie\u0301te\u0301, du fait de l&rsquo;utilisation non-conforme par lui des Services et\/ou du Site Internet.<\/p>\n<p>En toute hypoth\u00e8se, la Soci\u00e9t\u00e9 ne saurait \u00eatre responsable :<\/p>\n<ul>\n<li>En cas d&rsquo;indisponibilite\u0301 des Services pour des raisons telles que la de\u0301faillance du re\u0301seau public d&rsquo;e\u0301lectricite\u0301, la de\u0301faillance des re\u0301seaux ca\u0302ble\u0301s de te\u0301le\u0301communications, la perte de connectivite\u0301 au re\u0301seau Internet due aux ope\u0301rateurs publics ou prive\u0301s, notamment de l&rsquo;Utilisateur, dont les causes proviennent notamment de gre\u0300ves, de tempe\u0302tes, de tremblements de terre ou de toute autre cause ayant les caracte\u0301ristiques de la force majeure.\u00a0<\/li>\n<li>En cas d&rsquo;utilisation des Services par un Utilisateur dans des conditions non-conforment aux termes de la pre\u0301sente Charte.\u00a0<\/li>\n<li>Dans les limites de la le\u0301gislation en vigueur, pour tout dommage indirect et ce y compris notamment les pertes de profit, de donne\u0301es ou tout autre perte de biens incorporels, et ce me\u0302me si la Socie\u0301te\u0301 a e\u0301te\u0301 informe\u0301e de la potentialite\u0301 de tels dommages, pouvant survenir de l&rsquo;utilisation ou de l&rsquo;impossibilite\u0301 d&rsquo;utiliser les Services suite a\u0300 l&rsquo;acce\u0300s aux dits Services par un Utilisateur non autorise\u0301.\u00a0<\/li>\n<\/ul>\n<p>La Soci\u00e9t\u00e9 ne saurait \u00eatre tenue responsable de tout dysfonctionnement de quelque nature qu&rsquo;il soit relatif au mat\u00e9riel informatique de l&rsquo;Utilisateur ainsi qu&rsquo;\u00e0 sa connexion d&rsquo;acc\u00e8s \u00e0 Internet, lors de l&rsquo;acc\u00e8s au Site Internet et plus g\u00e9n\u00e9ralement aux Services.\u00a0<\/p>\n<p>Plus particuli\u00e8rement, la Soci\u00e9t\u00e9 ne saurait garantir l&rsquo;Utilisateur des Services sur :<\/p>\n<div class=\"page\" title=\"Page 5\">\n<div class=\"section\">\n<div class=\"layoutArea\">\n<div class=\"column\">\n<ul>\n<li>\n<p>Les proble\u0300mes de vitesses d&rsquo;acce\u0300s au Site et\/ou de vitesse de mise en me\u0301moire tampon de l&rsquo;ordinateur de l&rsquo;Utilisateur des vide\u0301os accessibles via les Services que l&rsquo;Utilisateur serait susceptible de rencontrer.\u00a0<\/p>\n<\/li>\n<\/ul>\n<h2>\u00a0<\/h2>\n<h2>5. Donn\u00e9es Personnelles &#8211; Informatiques<\/h2>\n<p>\u00a0<\/p>\n<\/div>\n<\/div>\n<\/div>\n<\/div>\n<\/div>\n<\/div>\n<\/div>\n<\/div>\n<\/div>\n<\/div>\n<\/div>\n<\/div>\n<\/div>\n<\/div>\n<\/div>\n<\/div>\n<h4>5.1 Traitement de donn\u00e9es \u00e0 caract\u00e8re personnel<\/h4>\n<p><\/p>\n<p><\/p>\n<p>\u00a0<\/p>\n<div class=\"page\" title=\"Page 5\">\n<div class=\"section\">\n<div class=\"layoutArea\">\n<div class=\"column\">\n<p>Afin de re\u0301pondre au mieux aux attentes des Utilisateurs, une Charte de protection des donne\u0301es personnelles a e\u0301te\u0301 mise en place. Charte Informatique (lien hypertexte pour la consultation)\u2028<\/p>\n<p>Lors de la consultation du site, ecorenobat.fr, des cookies sont susceptibles d\u2019e\u0302tre de\u0301pose\u0301s sur l\u2019ordinateur, le mobile ou la tablette de l\u2019Utilisateur.<\/p>\n<p>L\u2019utilisation de certains cookies ne\u0301cessite le consentement pre\u0301alable de l\u2019Utilisateur.<\/p>\n<p>\u00a0<\/p>\n<\/div>\n<\/div>\n<\/div>\n<\/div>\n<h4>5.2 Utilisation de cookies<\/h4>\n<p>\u00a0<\/p>\n<div class=\"page\" title=\"Page 5\">\n<div class=\"section\">\n<div class=\"layoutArea\">\n<div class=\"column\">\n<p>Qu&rsquo;est-ce qu&rsquo;un cookie ?<\/p>\n<p>Un cookie est un ensemble d\u2019informations contenu dans un fichier permettant de me\u0301moriser des donne\u0301es de navigation. Ces donne\u0301es sont de\u0301pose\u0301es par le serveur du site internet sur le disque dur de l\u2019appareil utilise\u0301 par l\u2019Utilisateur, puis sont re\u0301utilise\u0301es a\u0300 chaque connexion.<\/p>\n<p>\u00c0 quoi servent les cookies ?<\/p>\n<p>Les cookies ont diffe\u0301rentes fonctions et se distinguent notamment par leur ro\u0302le. En fonction du type de cookies utilise\u0301, les donne\u0301es recueillies permettent d\u2019analyser les navigations, les de\u0301placements, les habitudes de consultation ou de consommation, afin de proposer des services personnalise\u0301s ou encore de cibler la publicite\u0301.<\/p>\n<p>Comment fonctionnent les cookies sur notre site internet ?\u00a0<\/p>\n<p>Nous utilisons des cookies pour m\u00e9moriser certaines informations personnelles que vous \u00eates susceptibles de rentrer notamment lorsque vous remplissez un formulaire de contact.\u00a0<\/p>\n<\/div>\n<\/div>\n<\/div>\n<\/div>\n<p>Nous utilisons \u00e9galement des cookies pour analyser votre comportement sur notre site.<\/p>\n<p>Gestion des cookies :<\/p>\n<div class=\"page\" title=\"Page 6\">\n<div class=\"section\">\n<div class=\"layoutArea\">\n<div class=\"column\">\n<p>L&rsquo;utilisateur \u00e0 \u00e9galement le droit de refuser que les cookies soient d\u00e9pos\u00e9s sur son appareil en configurant les param\u00e8tres de son navigateur internet utilis\u00e9.\u00a0<\/p>\n<p>Il est \u00e9galement possible pour l&rsquo;Utilisateur d&rsquo;effacer \u00e0 tout moment les cookies d\u00e9pos\u00e9s sur son appareil en utilisant les fonctions de nettoyage de son navigateur internet.\u00a0<\/p>\n<\/div>\n<\/div>\n<\/div>\n<\/div>\n<p>En refusant le d\u00e9p\u00f4t de cookies sur son appareil, l&rsquo;Utilisateur ne verra pas l&rsquo;ergonomie du site internet de la soci\u00e9t\u00e9 Ecorenobat affect\u00e9e. Cependant, des difficult\u00e9s de navigation pourront appara\u00eetre, certains services pourraient ne pas \u00eatre accessibles et l&rsquo;ergonomie de sites tiers pourrait \u00eatre affect\u00e9e.\u00a0<\/p>\n<p>Comment exercer vos droits ?\u00a0<\/p>\n<div class=\"page\" title=\"Page 7\">\n<div class=\"section\">\n<div class=\"layoutArea\">\n<div class=\"column\">\n<p>Conforme\u0301ment a\u0300 la re\u0301glementation applicable en matie\u0300re de protection des donne\u0301es personnelles, vous pouvez a\u0300 tout moment, exercer vos droits d\u2019acce\u0300s, de rectification, de suppression des donne\u0301es vous concernant ainsi que vos droits de limitation et d\u2019opposition au traitement et a\u0300 la portabilite\u0301 de vos donne\u0301es personnelles.<\/p>\n<p>En outre, vous disposez le\u0301galement du droit de de\u0301finir des directives relatives au sort de vos donne\u0301es a\u0300 caracte\u0300re personnel. Pour exercer ces droits, vous pouvez nous contacter par courrier \u00e0 l&rsquo;adresse suivante : 957 Rue de F\u00eature, 62136 La Couture ou par courriel \u00e0 l&rsquo;adresse : ecorenobat@gmail.com<\/p>\n<p>En cas de r\u00e9ponse insatisfaisante, vous pouvez introduire une re\u0301clamation aupre\u0300s de la Commission nationale de l\u2019informatique et des liberte\u0301s (CNIL) : https:\/\/www.cnil.fr\/fr\/plaintes<\/p>\n<\/div>\n<\/div>\n<\/div>\n<\/div>\n<h2>\u00a0<\/h2>\n<h2>6. Propri\u00e9t\u00e9 intellectuelle et industrielle<\/h2>\n<p>\u00a0<\/p>\n<div class=\"page\" title=\"Page 8\">\n<div class=\"section\">\n<div class=\"layoutArea\">\n<div class=\"column\">\n<p>L&rsquo;ensemble des e\u0301le\u0301ments e\u0301dite\u0301s sur le site ecorenobat.fr tel que les sons, les images, les photographies, les vide\u0301os, les e\u0301crits, les animations, les programmes, la charte graphique, les utilitaires, les bases de donne\u0301es, les logiciels et les autres technologies sous-jacentes, est prote\u0301ge\u0301 par les dispositions du Code de proprie\u0301te\u0301 intellectuelle et appartiennent a\u0300 la socie\u0301te\u0301 Ecorenobat.<\/p>\n<p>Tout signe distinctif figurant sur le pre\u0301sent site, notamment les de\u0301nominations sociales, les marques et les logotypes sont des marques de\u0301pose\u0301es par la socie\u0301te\u0301 Ecorenobat ou par des tiers ou partenaires dont les offres sont pre\u0301sente\u0301es sur le Site Internet.<\/p>\n<p>Toute reproduction totale ou partielle, modification ou utilisation de ces marques, illustrations, images et logotypes, pour quelques motifs et sur quelque support que ce soit, sans accord expre\u0300s et pre\u0301alable de la socie\u0301te\u0301 Ecorenobat est strictement interdite et constituerait une contrefac\u0327on sanctionne\u0301e par le Code de la proprie\u0301te\u0301 intellectuelle.<\/p>\n<p>L\u2019Utilisateur s\u2019engage a\u0300 une utilisation du contenu du site dans un cadre strictement prive\u0301. Une utilisation a\u0300 des fins commerciales est strictement interdite.<\/p>\n<p>L\u2019Utilisateur sollicite l\u2019autorisation pre\u0301alable de la Socie\u0301te\u0301 pour toute reproduction, publication, copie des diffe\u0301rents contenus.<\/p>\n<\/div>\n<\/div>\n<\/div>\n<\/div>\n<h2>\u00a0<\/h2>\n<h2>7. Renvoie et liens\u00a0<\/h2>\n<p>\u00a0<\/p>\n<div class=\"page\" title=\"Page 8\">\n<div class=\"section\">\n<div class=\"layoutArea\">\n<div class=\"column\">\n<p>Des liens hypertextes sont mis a\u0300 disposition de l\u2019Utilisateur renvoyant vers des sites partenaires ou des sites tiers.<\/p>\n<p>Dans la mesure ou\u0300 la Socie\u0301te\u0301 ne peut contro\u0302ler ces sites, celle-ci se de\u0301gage de toute responsabilite\u0301 quant aux informations contenues sur ces sites.<\/p>\n<p>La Socie\u0301te\u0301 ne saurait e\u0302tre responsable notamment des modifications ou mises a\u0300 jour de ces sites ou d\u2019un quelconque dysfonctionnement de ceux-ci.<\/p>\n<\/div>\n<div class=\"page\" title=\"Page 9\">\n<div class=\"section\">\n<div class=\"layoutArea\">\n<div class=\"column\">\n<p>La Socie\u0301te\u0301 ne peut en aucun cas e\u0302tre tenue pour responsable des dommages directs ou indirects lie\u0301s a\u0300 la navigation ou au te\u0301le\u0301chargement sur des liens hypertextes publie\u0301s sur le pre\u0301sent Site Internet.<\/p>\n<\/div>\n<\/div>\n<\/div>\n<\/div>\n<\/div>\n<\/div>\n<\/div>\n<h2>\u00a0<\/h2>\n<h2>8. Droit Applicable &#8211; R\u00e8glement des litiges<\/h2>\n<p>\u00a0<\/p>\n<div class=\"page\" title=\"Page 9\">\n<div class=\"section\">\n<div class=\"layoutArea\">\n<div class=\"column\">\n<p>Le contenu du Site est soumis au droit franc\u0327ais.<\/p>\n<div class=\"page\" title=\"Page 9\">\n<div class=\"section\">\n<div class=\"layoutArea\">\n<div class=\"column\">\n<p>Tout Utilisateur reconnai\u0302t la compe\u0301tence du tribunal compe\u0301tent de Lille pour toute contestation de quelque nature qu&rsquo;elle soit, relative a\u0300 l&rsquo;application des pre\u0301sentes conditions ge\u0301ne\u0301rales et a\u0300 l&rsquo;utilisation et a\u0300 la consultation du Site.<\/p>\n<\/div>\n<\/div>\n<\/div>\n<\/div>\n<\/div>\n<\/div>\n<\/div>\n<\/div>\n<p><\/p>\t\t\t\t\t\t\t\t<\/div>\n\t\t\t\t<\/div>\n\t\t\t\t\t<\/div>\n\t\t<\/div>\n\t\t\t\t\t<\/div>\n\t\t<\/section>\n\t\t\t\t<\/div>\n\t\t","protected":false},"excerpt":{"rendered":"<p>Conditions g\u00e9n\u00e9rales d&rsquo;utilisation \u00ab\u00a0Site\u00a0\u00bb ou \u00ab\u00a0Site internet\u00a0\u00bb : d\u00e9signe le service \u00e9lectronique interactif \u00e9dit\u00e9 et exploit\u00e9 par la soci\u00e9t\u00e9, accessible notamment \u00e0 l&rsquo;adresse ecorenobat.fr, depuis lequel elle permet l&rsquo;acc\u00e8s \u00e0 ses Produits et Services. \u00ab\u00a0Utilisateur\u00a0\u00bb : d\u00e9signe toute personne physique qui acc\u00e8de au Site Internet dans le cadre d&rsquo;un usage strictement priv\u00e9. \u00ab\u00a0Soci\u00e9t\u00e9\u00a0\u00bb : d\u00e9signe [&hellip;]<\/p>\n","protected":false},"author":1,"featured_media":0,"parent":0,"menu_order":0,"comment_status":"closed","ping_status":"open","template":"","meta":{"footnotes":""},"class_list":["post-3","page","type-page","status-publish","hentry"],"_links":{"self":[{"href":"https:\/\/ecorenobat.fr\/index.php?rest_route=\/wp\/v2\/pages\/3","targetHints":{"allow":["GET"]}}],"collection":[{"href":"https:\/\/ecorenobat.fr\/index.php?rest_route=\/wp\/v2\/pages"}],"about":[{"href":"https:\/\/ecorenobat.fr\/index.php?rest_route=\/wp\/v2\/types\/page"}],"author":[{"embeddable":true,"href":"https:\/\/ecorenobat.fr\/index.php?rest_route=\/wp\/v2\/users\/1"}],"replies":[{"embeddable":true,"href":"https:\/\/ecorenobat.fr\/index.php?rest_route=%2Fwp%2Fv2%2Fcomments&post=3"}],"version-history":[{"count":38,"href":"https:\/\/ecorenobat.fr\/index.php?rest_route=\/wp\/v2\/pages\/3\/revisions"}],"predecessor-version":[{"id":1086,"href":"https:\/\/ecorenobat.fr\/index.php?rest_route=\/wp\/v2\/pages\/3\/revisions\/1086"}],"wp:attachment":[{"href":"https:\/\/ecorenobat.fr\/index.php?rest_route=%2Fwp%2Fv2%2Fmedia&parent=3"}],"curies":[{"name":"wp","href":"https:\/\/api.w.org\/{rel}","templated":true}]}}