{"id":183,"date":"2023-02-13T16:59:28","date_gmt":"2023-02-13T15:59:28","guid":{"rendered":"http:\/\/ecorenobat.fr\/?page_id=183"},"modified":"2023-02-19T13:13:14","modified_gmt":"2023-02-19T12:13:14","slug":"mentions-legales","status":"publish","type":"page","link":"https:\/\/ecorenobat.fr\/?page_id=183","title":{"rendered":"Mentions l\u00e9gales"},"content":{"rendered":"\t\t<div data-elementor-type=\"wp-page\" data-elementor-id=\"183\" class=\"elementor elementor-183\" data-elementor-post-type=\"page\">\n\t\t\t\t\t\t<section class=\"elementor-section elementor-top-section elementor-element elementor-element-7ee65f09 elementor-section-boxed elementor-section-height-default elementor-section-height-default\" data-id=\"7ee65f09\" data-element_type=\"section\">\n\t\t\t\t\t\t<div class=\"elementor-container elementor-column-gap-default\">\n\t\t\t\t\t<div class=\"elementor-column elementor-col-100 elementor-top-column elementor-element elementor-element-6de48fea\" data-id=\"6de48fea\" data-element_type=\"column\">\n\t\t\t<div class=\"elementor-widget-wrap elementor-element-populated\">\n\t\t\t\t\t\t<div class=\"elementor-element elementor-element-1bb18ea elementor-widget elementor-widget-text-editor\" data-id=\"1bb18ea\" data-element_type=\"widget\" data-widget_type=\"text-editor.default\">\n\t\t\t\t<div class=\"elementor-widget-container\">\n\t\t\t\t\t\t\t\t\t\n<h1 class=\"has-text-align-center wp-block-heading\">Mentions l\u00e9gales<\/h1>\n\t\t\t\t\t\t\t\t<\/div>\n\t\t\t\t<\/div>\n\t\t\t\t<div class=\"elementor-element elementor-element-ee89feb elementor-widget elementor-widget-spacer\" data-id=\"ee89feb\" data-element_type=\"widget\" data-widget_type=\"spacer.default\">\n\t\t\t\t<div class=\"elementor-widget-container\">\n\t\t\t\t\t\t\t<div class=\"elementor-spacer\">\n\t\t\t<div class=\"elementor-spacer-inner\"><\/div>\n\t\t<\/div>\n\t\t\t\t\t\t<\/div>\n\t\t\t\t<\/div>\n\t\t\t\t\t<\/div>\n\t\t<\/div>\n\t\t\t\t\t<\/div>\n\t\t<\/section>\n\t\t\t\t<section class=\"elementor-section elementor-top-section elementor-element elementor-element-eff0238 elementor-section-boxed elementor-section-height-default elementor-section-height-default\" data-id=\"eff0238\" data-element_type=\"section\">\n\t\t\t\t\t\t<div class=\"elementor-container elementor-column-gap-default\">\n\t\t\t\t\t<div class=\"elementor-column elementor-col-100 elementor-top-column elementor-element elementor-element-99feb18\" data-id=\"99feb18\" data-element_type=\"column\">\n\t\t\t<div class=\"elementor-widget-wrap elementor-element-populated\">\n\t\t\t\t\t\t<div class=\"elementor-element elementor-element-ebd088e elementor-widget elementor-widget-text-editor\" data-id=\"ebd088e\" data-element_type=\"widget\" data-widget_type=\"text-editor.default\">\n\t\t\t\t<div class=\"elementor-widget-container\">\n\t\t\t\t\t\t\t\t\t<p>Conform\u00e9ment aux dispositions des Articles 6-III et 19 de la loi n\u00b02004-575 du 21 juin 2004 pour la confiance dans l&rsquo;\u00e9conomie num\u00e9rique, dite L.C.E.N., il est port\u00e9 \u00e0 la connaissance des utilisateurs et visiteurs, ci-apr\u00e8s \u00ab\u00a0l&rsquo;Utilisateur\u00a0\u00bb, du site ecorenobat.fr, ci-apr\u00e8s le \u00ab\u00a0Site\u00a0\u00bb, les pr\u00e9sentes mentions l\u00e9gales.\u00a0<\/p>\n<p>La connexion et la navigation sur le Site par l&rsquo;Utilisateur implique l&rsquo;acceptation int\u00e9grale et sans r\u00e9serve des pr\u00e9sentes mentions l\u00e9gales.\u00a0<\/p>\n<p>Ces derni\u00e8res sont disponibles sur le Site dans la section \u00ab\u00a0Mentions l\u00e9gales\u00a0\u00bb.\u00a0<\/p>\n<p>\u00a0<\/p>\n<h2>Article 1 &#8211; L&rsquo;\u00e9diteur du site<\/h2>\n<p>\u00a0<\/p>\n<p>L&rsquo;\u00e9dition et la direction de la publication du Site est assur\u00e9e par :\u00a0<\/p>\n<p>M. Singez L\u00e9o domicili\u00e9 au 233 Boulevard des Anglais, 59850 Nieppe dont le num\u00e9ro de t\u00e9l\u00e9phone est : 07 89 87 36 74 et l&rsquo;adresse mail est : leo.singez@icloud.com<\/p>\n<p>\u00a0<\/p>\n<h2>Article 2 &#8211; Propri\u00e9taire du site\u00a0<\/h2>\n<p>\u00a0<\/p>\n<p>Le site est la propri\u00e9t\u00e9 de M. Singez S\u00e9bastien, directeur de la soci\u00e9t\u00e9 Ecorenobat situ\u00e9e 957 Rue de F\u00eature, 62136 La Couture. N\u00b0Siret : 78960190300014, socie\u0301te\u0301 immatricule\u0301e au RCS d&rsquo;Arras.\u00a0<\/p>\n<p>\u00a0<\/p>\n<h2>Article 3 &#8211; L&rsquo;h\u00e9bergeur<\/h2>\n<p>\u00a0<\/p>\n<p>L&rsquo;h\u00e9bergeur du site est la soci\u00e9t\u00e9 OVH, SAS au capital de 500 000 \u20ac, immatricul\u00e9 au RCS de Lille et dont le si\u00e8ge social est situ\u00e9 2 Rue de Kellermann, 59100 Roubaix, France. Siret : 42476141900045. Code APE : 6202A. N\u00b0de TVA : FR22424761419.<\/p>\n<p>\u00a0<\/p>\n<h2>Article 4 &#8211; Acc\u00e8s au site<\/h2>\n<p>\u00a0<\/p>\n<p>Le site est accessible en tout endroit, 7j\/7, 24h\/24 sauf cas de force majeure, interruption programme\u0301e ou non et pouvant de\u0301couler d\u2019une ne\u0301cessite\u0301 de maintenance.<\/p>\n<div class=\"page\" title=\"Page 2\">\n<div class=\"section\">\n<div class=\"layoutArea\">\n<div class=\"column\">\n<p>En cas de modification, interruption ou suspension du Site, l&rsquo;\u00c9diteur ne saurait e\u0302tre tenu responsable.<\/p>\n<\/div>\n<\/div>\n<\/div>\n<\/div>\n<p>\u00a0<\/p>\n<h2>Article 5 &#8211; Propri\u00e9t\u00e9 intellectuelle et contrefa\u00e7ons<\/h2>\n<p>\u00a0<\/p>\n<p>Singez S\u00e9bastien est propri\u00e9taire des droits de propri\u00e9t\u00e9 intellectuelle et d\u00e9tient les droits d&rsquo;usage sur tous les \u00e9l\u00e9ments accessibles sur le site internet, notamment les textes, images, \u00e9l\u00e9ments graphiques, logos, vid\u00e9os, architecture, ic\u00f4ne et sons.\u00a0<\/p>\n<p>Toute reproduction totale ou partielle, modification ou utilisation de ces marques, illustrations, images et logotypes, pour quelques motifs et sur quelque support que ce soit, sans accord expr\u00e8s et pr\u00e9alable de la soci\u00e9t\u00e9 Ecorenobat est strictement interdite et constituerait une contrefa\u00e7on sanctionn\u00e9e par le Code de la propri\u00e9t\u00e9 intellectuelle. \u00a0<\/p>\n<p>L&rsquo;Utilisateur s&rsquo;engage \u00e0 une utilisation du contenu du site dans un cadre strictement priv\u00e9. Une utilisation \u00e0 des fins commerciales est strictement interdite.\u00a0<\/p>\n<p>L&rsquo;Utilisateur sollicite l&rsquo;autorisation pr\u00e9alable de la Soci\u00e9t\u00e9 pour toute reproduction, publication, copie des diff\u00e9rents contenus.\u00a0<\/p>\n<p>Toute exploitation non autoris\u00e9e du site ou de l&rsquo;un des quelconques \u00e9l\u00e9ments qu&rsquo;il contient sera consid\u00e9r\u00e9e comme constitutive d&rsquo;une contrefa\u00e7on et poursuivie conform\u00e9ment aux dispositions des articles L.335-2 et suivants du Code de Propri\u00e9t\u00e9 Intellectuelle.\u00a0<\/p>\n<p>\u00a0<\/p>\n<h2>Article 6 &#8211; Limitations de responsabilit\u00e9\u00a0<\/h2>\n<p>\u00a0<\/p>\n<p>\u00ab\u00a0L&rsquo;\u00e9diteur\u00a0\u00bb est responsable de la qualit\u00e9 et de la v\u00e9racit\u00e9 du Contenu qu&rsquo;il publie. En aucun cas, \u00ab\u00a0l&rsquo;\u00e9diteur\u00a0\u00bb ne pourra \u00eatre tenu pour responsable des dommages directs et indirects caus\u00e9s au mat\u00e9riel de l&rsquo;utilisateur, lors de l&rsquo;acc\u00e8s au site ecorenobat.fr.\u00a0<\/p>\n<p>\u00ab\u00a0L&rsquo;\u00e9diteur\u00a0\u00bb d\u00e9cline toute responsabilit\u00e9 quant \u00e0 l&rsquo;utilisation qui pourrait \u00eatre faite des informations et contenus pr\u00e9sents sur le site ecorenobat.fr. \u00ab\u00a0L&rsquo;\u00e9diteur\u00a0\u00bb s&rsquo;engage \u00e0 s\u00e9curiser au mieux le site ecorenobat.fr, cependant sa responsabilit\u00e9 ne pourra \u00eatre mise en cause si des donn\u00e9es ind\u00e9sirables sont import\u00e9es et install\u00e9es sur son site \u00e0 son insu.\u00a0<\/p>\n<p>Des espaces interactifs (rubrique \u00ab\u00a0demander un devis\u00a0\u00bb ou commentaires) sont \u00e0 la disposition des utilisateurs. \u00ab\u00a0L&rsquo;\u00e9diteur\u00a0\u00bb se r\u00e9serve le droit de supprimer, sans mise en demeure pr\u00e9alable, tout contenu d\u00e9pos\u00e9 dans ces espaces qui contreviendrait \u00e0 la l\u00e9gislation applicable en France, en particulier aux dispositions relatives \u00e0 la protection des donn\u00e9es.\u00a0<\/p>\n<p>Le cas \u00e9ch\u00e9ant, \u00ab\u00a0L&rsquo;\u00e9diteur\u00a0\u00bb se r\u00e9serve \u00e9galement la possibilit\u00e9 de mettre en cause la responsabilit\u00e9 civile et\/ou p\u00e9nale de l&rsquo;utilisateur, notamment en cas de message \u00e0 caract\u00e8re raciste, injurieux, diffamant, ou pornographique, quel que soit le support utilis\u00e9 (texte, photographie, etc..).\u00a0<\/p>\n<p>\u00a0<\/p>\n<h2>Article 7 &#8211; Droit applicable et attribution de juridiction\u00a0<\/h2>\n<p>\u00a0<\/p>\n<p>L&rsquo;ensemble des informations diffus\u00e9es sur le site et l&rsquo;utilisation qui en est faite sont soumises exclusivement au droit Fran\u00e7ais. Les tribunaux relevant du tribunal de grande instance de Lille sont comp\u00e9tents pour conna\u00eetre\u00a0des \u00e9ventuels litiges li\u00e9s \u00e0 l&rsquo;utilisation du site.<\/p>\t\t\t\t\t\t\t\t<\/div>\n\t\t\t\t<\/div>\n\t\t\t\t\t<\/div>\n\t\t<\/div>\n\t\t\t\t\t<\/div>\n\t\t<\/section>\n\t\t\t\t<\/div>\n\t\t","protected":false},"excerpt":{"rendered":"<p>Mentions l\u00e9gales Conform\u00e9ment aux dispositions des Articles 6-III et 19 de la loi n\u00b02004-575 du 21 juin 2004 pour la confiance dans l&rsquo;\u00e9conomie num\u00e9rique, dite L.C.E.N., il est port\u00e9 \u00e0 la connaissance des utilisateurs et visiteurs, ci-apr\u00e8s \u00ab\u00a0l&rsquo;Utilisateur\u00a0\u00bb, du site ecorenobat.fr, ci-apr\u00e8s le \u00ab\u00a0Site\u00a0\u00bb, les pr\u00e9sentes mentions l\u00e9gales.\u00a0 La connexion et la navigation sur le [&hellip;]<\/p>\n","protected":false},"author":1,"featured_media":0,"parent":0,"menu_order":0,"comment_status":"closed","ping_status":"closed","template":"","meta":{"footnotes":""},"class_list":["post-183","page","type-page","status-publish","hentry"],"_links":{"self":[{"href":"https:\/\/ecorenobat.fr\/index.php?rest_route=\/wp\/v2\/pages\/183","targetHints":{"allow":["GET"]}}],"collection":[{"href":"https:\/\/ecorenobat.fr\/index.php?rest_route=\/wp\/v2\/pages"}],"about":[{"href":"https:\/\/ecorenobat.fr\/index.php?rest_route=\/wp\/v2\/types\/page"}],"author":[{"embeddable":true,"href":"https:\/\/ecorenobat.fr\/index.php?rest_route=\/wp\/v2\/users\/1"}],"replies":[{"embeddable":true,"href":"https:\/\/ecorenobat.fr\/index.php?rest_route=%2Fwp%2Fv2%2Fcomments&post=183"}],"version-history":[{"count":22,"href":"https:\/\/ecorenobat.fr\/index.php?rest_route=\/wp\/v2\/pages\/183\/revisions"}],"predecessor-version":[{"id":1082,"href":"https:\/\/ecorenobat.fr\/index.php?rest_route=\/wp\/v2\/pages\/183\/revisions\/1082"}],"wp:attachment":[{"href":"https:\/\/ecorenobat.fr\/index.php?rest_route=%2Fwp%2Fv2%2Fmedia&parent=183"}],"curies":[{"name":"wp","href":"https:\/\/api.w.org\/{rel}","templated":true}]}}