{"id":1250,"date":"2025-12-16T15:07:36","date_gmt":"2025-12-16T14:07:36","guid":{"rendered":"https:\/\/ecorenobat.fr\/?page_id=1250"},"modified":"2025-12-16T17:43:59","modified_gmt":"2025-12-16T16:43:59","slug":"installation-de-panneaux-solaires","status":"publish","type":"page","link":"https:\/\/ecorenobat.fr\/?page_id=1250","title":{"rendered":"Installation de panneaux solaires"},"content":{"rendered":"\t\t<div data-elementor-type=\"wp-page\" data-elementor-id=\"1250\" class=\"elementor elementor-1250\" data-elementor-post-type=\"page\">\n\t\t\t\t\t\t<section class=\"elementor-section elementor-top-section elementor-element elementor-element-4a990bd elementor-section-boxed elementor-section-height-default elementor-section-height-default\" data-id=\"4a990bd\" data-element_type=\"section\">\n\t\t\t\t\t\t<div class=\"elementor-container elementor-column-gap-default\">\n\t\t\t\t\t<div class=\"elementor-column elementor-col-100 elementor-top-column elementor-element elementor-element-75d8fd6\" data-id=\"75d8fd6\" data-element_type=\"column\">\n\t\t\t<div class=\"elementor-widget-wrap elementor-element-populated\">\n\t\t\t\t\t\t<div class=\"elementor-element elementor-element-ce3e596 elementor-widget elementor-widget-heading\" data-id=\"ce3e596\" data-element_type=\"widget\" data-widget_type=\"heading.default\">\n\t\t\t\t<div class=\"elementor-widget-container\">\n\t\t\t\t\t<h1 class=\"elementor-heading-title elementor-size-default\">Installation de panneaux solaires<\/h1>\t\t\t\t<\/div>\n\t\t\t\t<\/div>\n\t\t\t\t\t<\/div>\n\t\t<\/div>\n\t\t\t\t\t<\/div>\n\t\t<\/section>\n\t\t\t\t<section class=\"elementor-section elementor-top-section elementor-element elementor-element-44faa27 elementor-section-boxed elementor-section-height-default elementor-section-height-default\" data-id=\"44faa27\" data-element_type=\"section\">\n\t\t\t\t\t\t<div class=\"elementor-container elementor-column-gap-default\">\n\t\t\t\t\t<div class=\"elementor-column elementor-col-100 elementor-top-column elementor-element elementor-element-de2f5a4\" data-id=\"de2f5a4\" data-element_type=\"column\">\n\t\t\t<div class=\"elementor-widget-wrap elementor-element-populated\">\n\t\t\t\t\t\t<div class=\"elementor-element elementor-element-530bd23 elementor-widget elementor-widget-spacer\" data-id=\"530bd23\" data-element_type=\"widget\" data-widget_type=\"spacer.default\">\n\t\t\t\t<div class=\"elementor-widget-container\">\n\t\t\t\t\t\t\t<div class=\"elementor-spacer\">\n\t\t\t<div class=\"elementor-spacer-inner\"><\/div>\n\t\t<\/div>\n\t\t\t\t\t\t<\/div>\n\t\t\t\t<\/div>\n\t\t\t\t\t<\/div>\n\t\t<\/div>\n\t\t\t\t\t<\/div>\n\t\t<\/section>\n\t\t\t\t<section class=\"elementor-section elementor-top-section elementor-element elementor-element-4a42906 elementor-section-boxed elementor-section-height-default elementor-section-height-default\" data-id=\"4a42906\" data-element_type=\"section\">\n\t\t\t\t\t\t<div class=\"elementor-container elementor-column-gap-default\">\n\t\t\t\t\t<div class=\"elementor-column elementor-col-100 elementor-top-column elementor-element elementor-element-145d094\" data-id=\"145d094\" data-element_type=\"column\">\n\t\t\t<div class=\"elementor-widget-wrap elementor-element-populated\">\n\t\t\t\t\t\t<div class=\"elementor-element elementor-element-200a936 elementor-widget elementor-widget-text-editor\" data-id=\"200a936\" data-element_type=\"widget\" data-widget_type=\"text-editor.default\">\n\t\t\t\t<div class=\"elementor-widget-container\">\n\t\t\t\t\t\t\t\t\t<p>Ce chantier a consist\u00e9 \u00e0 la pose de panneaux photovolta\u00efques en toiture, dans un objectif d&rsquo;autoconsommation.<\/p><p>En produisant leur propre \u00e9lectricit\u00e9, les propri\u00e9taires vont ainsi pouvoir r\u00e9duire durablement leurs factures \u00e9nerg\u00e9tiques.<\/p>\t\t\t\t\t\t\t\t<\/div>\n\t\t\t\t<\/div>\n\t\t\t\t\t<\/div>\n\t\t<\/div>\n\t\t\t\t\t<\/div>\n\t\t<\/section>\n\t\t\t\t<section class=\"elementor-section elementor-top-section elementor-element elementor-element-36613b2 elementor-section-boxed elementor-section-height-default elementor-section-height-default\" data-id=\"36613b2\" data-element_type=\"section\">\n\t\t\t\t\t\t<div class=\"elementor-container elementor-column-gap-default\">\n\t\t\t\t\t<div class=\"elementor-column elementor-col-100 elementor-top-column elementor-element elementor-element-654abc5\" data-id=\"654abc5\" data-element_type=\"column\">\n\t\t\t<div class=\"elementor-widget-wrap elementor-element-populated\">\n\t\t\t\t\t\t<div class=\"elementor-element elementor-element-3783904 elementor-widget elementor-widget-spacer\" data-id=\"3783904\" data-element_type=\"widget\" data-widget_type=\"spacer.default\">\n\t\t\t\t<div class=\"elementor-widget-container\">\n\t\t\t\t\t\t\t<div class=\"elementor-spacer\">\n\t\t\t<div class=\"elementor-spacer-inner\"><\/div>\n\t\t<\/div>\n\t\t\t\t\t\t<\/div>\n\t\t\t\t<\/div>\n\t\t\t\t\t<\/div>\n\t\t<\/div>\n\t\t\t\t\t<\/div>\n\t\t<\/section>\n\t\t\t\t<section class=\"elementor-section elementor-top-section elementor-element elementor-element-c8a82e5 elementor-section-boxed elementor-section-height-default elementor-section-height-default\" data-id=\"c8a82e5\" data-element_type=\"section\">\n\t\t\t\t\t\t<div class=\"elementor-container elementor-column-gap-default\">\n\t\t\t\t\t<div class=\"elementor-column elementor-col-100 elementor-top-column elementor-element elementor-element-80b8f35\" data-id=\"80b8f35\" data-element_type=\"column\">\n\t\t\t<div class=\"elementor-widget-wrap elementor-element-populated\">\n\t\t\t\t\t\t<div class=\"elementor-element elementor-element-7e7aba3 elementor-widget elementor-widget-heading\" data-id=\"7e7aba3\" data-element_type=\"widget\" data-widget_type=\"heading.default\">\n\t\t\t\t<div class=\"elementor-widget-container\">\n\t\t\t\t\t<h2 class=\"elementor-heading-title elementor-size-default\">La toiture au d\u00e9but des travaux :<\/h2>\t\t\t\t<\/div>\n\t\t\t\t<\/div>\n\t\t\t\t<div class=\"elementor-element elementor-element-85b4b6f elementor-widget elementor-widget-spacer\" data-id=\"85b4b6f\" data-element_type=\"widget\" data-widget_type=\"spacer.default\">\n\t\t\t\t<div class=\"elementor-widget-container\">\n\t\t\t\t\t\t\t<div class=\"elementor-spacer\">\n\t\t\t<div class=\"elementor-spacer-inner\"><\/div>\n\t\t<\/div>\n\t\t\t\t\t\t<\/div>\n\t\t\t\t<\/div>\n\t\t\t\t\t<\/div>\n\t\t<\/div>\n\t\t\t\t\t<\/div>\n\t\t<\/section>\n\t\t\t\t<section class=\"elementor-section elementor-top-section elementor-element elementor-element-a0a09a9 elementor-section-boxed elementor-section-height-default elementor-section-height-default\" data-id=\"a0a09a9\" data-element_type=\"section\">\n\t\t\t\t\t\t<div class=\"elementor-container elementor-column-gap-default\">\n\t\t\t\t\t<div class=\"elementor-column elementor-col-100 elementor-top-column elementor-element elementor-element-98c0cf1\" data-id=\"98c0cf1\" data-element_type=\"column\">\n\t\t\t<div class=\"elementor-widget-wrap elementor-element-populated\">\n\t\t\t\t\t\t<div class=\"elementor-element elementor-element-dd5fd5a elementor-widget elementor-widget-image\" data-id=\"dd5fd5a\" data-element_type=\"widget\" data-widget_type=\"image.default\">\n\t\t\t\t<div class=\"elementor-widget-container\">\n\t\t\t\t\t\t\t\t\t\t\t\t\t\t\t<img fetchpriority=\"high\" decoding=\"async\" width=\"1024\" height=\"768\" src=\"https:\/\/ecorenobat.fr\/wp-content\/uploads\/2025\/12\/WhatsApp-Image-2025-12-16-at-09.26.12-1024x768.jpeg\" class=\"attachment-large size-large wp-image-1308\" alt=\"\" srcset=\"https:\/\/ecorenobat.fr\/wp-content\/uploads\/2025\/12\/WhatsApp-Image-2025-12-16-at-09.26.12-1024x768.jpeg 1024w, https:\/\/ecorenobat.fr\/wp-content\/uploads\/2025\/12\/WhatsApp-Image-2025-12-16-at-09.26.12-300x225.jpeg 300w, https:\/\/ecorenobat.fr\/wp-content\/uploads\/2025\/12\/WhatsApp-Image-2025-12-16-at-09.26.12-768x576.jpeg 768w, https:\/\/ecorenobat.fr\/wp-content\/uploads\/2025\/12\/WhatsApp-Image-2025-12-16-at-09.26.12-1536x1152.jpeg 1536w, https:\/\/ecorenobat.fr\/wp-content\/uploads\/2025\/12\/elementor\/thumbs\/WhatsApp-Image-2025-12-16-at-09.26.12-rg8yutokqf7crehzdoy5ki9bvhkfzrt1xdf66x0k8g.jpeg 800w, https:\/\/ecorenobat.fr\/wp-content\/uploads\/2025\/12\/WhatsApp-Image-2025-12-16-at-09.26.12.jpeg 1600w\" sizes=\"(max-width: 1024px) 100vw, 1024px\" \/>\t\t\t\t\t\t\t\t\t\t\t\t\t\t\t<\/div>\n\t\t\t\t<\/div>\n\t\t\t\t\t<\/div>\n\t\t<\/div>\n\t\t\t\t\t<\/div>\n\t\t<\/section>\n\t\t\t\t<section class=\"elementor-section elementor-top-section elementor-element elementor-element-bb9b729 elementor-section-boxed elementor-section-height-default elementor-section-height-default\" data-id=\"bb9b729\" data-element_type=\"section\">\n\t\t\t\t\t\t<div class=\"elementor-container elementor-column-gap-default\">\n\t\t\t\t\t<div class=\"elementor-column elementor-col-100 elementor-top-column elementor-element elementor-element-5ce25ab\" data-id=\"5ce25ab\" data-element_type=\"column\">\n\t\t\t<div class=\"elementor-widget-wrap elementor-element-populated\">\n\t\t\t\t\t\t<div class=\"elementor-element elementor-element-2fee761 elementor-widget elementor-widget-spacer\" data-id=\"2fee761\" data-element_type=\"widget\" data-widget_type=\"spacer.default\">\n\t\t\t\t<div class=\"elementor-widget-container\">\n\t\t\t\t\t\t\t<div class=\"elementor-spacer\">\n\t\t\t<div class=\"elementor-spacer-inner\"><\/div>\n\t\t<\/div>\n\t\t\t\t\t\t<\/div>\n\t\t\t\t<\/div>\n\t\t\t\t\t<\/div>\n\t\t<\/div>\n\t\t\t\t\t<\/div>\n\t\t<\/section>\n\t\t\t\t<section class=\"elementor-section elementor-top-section elementor-element elementor-element-4c5e72f elementor-section-boxed elementor-section-height-default elementor-section-height-default\" data-id=\"4c5e72f\" data-element_type=\"section\">\n\t\t\t\t\t\t<div class=\"elementor-container elementor-column-gap-default\">\n\t\t\t\t\t<div class=\"elementor-column elementor-col-100 elementor-top-column elementor-element elementor-element-3d75127\" data-id=\"3d75127\" data-element_type=\"column\">\n\t\t\t<div class=\"elementor-widget-wrap elementor-element-populated\">\n\t\t\t\t\t\t<div class=\"elementor-element elementor-element-b45dd07 elementor-widget elementor-widget-heading\" data-id=\"b45dd07\" data-element_type=\"widget\" data-widget_type=\"heading.default\">\n\t\t\t\t<div class=\"elementor-widget-container\">\n\t\t\t\t\t<h2 class=\"elementor-heading-title elementor-size-default\">La toiture apr\u00e8s la pose des panneaux photovolta\u00efques :<\/h2>\t\t\t\t<\/div>\n\t\t\t\t<\/div>\n\t\t\t\t<div class=\"elementor-element elementor-element-dface74 elementor-widget elementor-widget-spacer\" data-id=\"dface74\" data-element_type=\"widget\" data-widget_type=\"spacer.default\">\n\t\t\t\t<div class=\"elementor-widget-container\">\n\t\t\t\t\t\t\t<div class=\"elementor-spacer\">\n\t\t\t<div class=\"elementor-spacer-inner\"><\/div>\n\t\t<\/div>\n\t\t\t\t\t\t<\/div>\n\t\t\t\t<\/div>\n\t\t\t\t\t<\/div>\n\t\t<\/div>\n\t\t\t\t\t<\/div>\n\t\t<\/section>\n\t\t\t\t<section class=\"elementor-section elementor-top-section elementor-element elementor-element-c405e14 elementor-section-boxed elementor-section-height-default elementor-section-height-default\" data-id=\"c405e14\" data-element_type=\"section\">\n\t\t\t\t\t\t<div class=\"elementor-container elementor-column-gap-default\">\n\t\t\t\t\t<div class=\"elementor-column elementor-col-100 elementor-top-column elementor-element elementor-element-21d360a\" data-id=\"21d360a\" data-element_type=\"column\">\n\t\t\t<div class=\"elementor-widget-wrap elementor-element-populated\">\n\t\t\t\t\t\t<div class=\"elementor-element elementor-element-3b89e1e elementor-widget elementor-widget-image\" data-id=\"3b89e1e\" data-element_type=\"widget\" data-widget_type=\"image.default\">\n\t\t\t\t<div class=\"elementor-widget-container\">\n\t\t\t\t\t\t\t\t\t\t\t\t\t\t\t<img decoding=\"async\" width=\"1024\" height=\"768\" src=\"https:\/\/ecorenobat.fr\/wp-content\/uploads\/2025\/12\/WhatsApp-Image-2025-12-16-at-09.26.11-1024x768.jpeg\" class=\"attachment-large size-large wp-image-1309\" alt=\"\" srcset=\"https:\/\/ecorenobat.fr\/wp-content\/uploads\/2025\/12\/WhatsApp-Image-2025-12-16-at-09.26.11-1024x768.jpeg 1024w, https:\/\/ecorenobat.fr\/wp-content\/uploads\/2025\/12\/WhatsApp-Image-2025-12-16-at-09.26.11-300x225.jpeg 300w, https:\/\/ecorenobat.fr\/wp-content\/uploads\/2025\/12\/WhatsApp-Image-2025-12-16-at-09.26.11-768x576.jpeg 768w, https:\/\/ecorenobat.fr\/wp-content\/uploads\/2025\/12\/WhatsApp-Image-2025-12-16-at-09.26.11-1536x1152.jpeg 1536w, https:\/\/ecorenobat.fr\/wp-content\/uploads\/2025\/12\/WhatsApp-Image-2025-12-16-at-09.26.11.jpeg 1600w\" sizes=\"(max-width: 1024px) 100vw, 1024px\" \/>\t\t\t\t\t\t\t\t\t\t\t\t\t\t\t<\/div>\n\t\t\t\t<\/div>\n\t\t\t\t\t<\/div>\n\t\t<\/div>\n\t\t\t\t\t<\/div>\n\t\t<\/section>\n\t\t\t\t<\/div>\n\t\t","protected":false},"excerpt":{"rendered":"<p>Installation de panneaux solaires Ce chantier a consist\u00e9 \u00e0 la pose de panneaux photovolta\u00efques en toiture, dans un objectif d&rsquo;autoconsommation. En produisant leur propre \u00e9lectricit\u00e9, les propri\u00e9taires vont ainsi pouvoir r\u00e9duire durablement leurs factures \u00e9nerg\u00e9tiques. La toiture au d\u00e9but des travaux : La toiture apr\u00e8s la pose des panneaux photovolta\u00efques :<\/p>\n","protected":false},"author":1,"featured_media":0,"parent":0,"menu_order":0,"comment_status":"closed","ping_status":"closed","template":"","meta":{"footnotes":""},"class_list":["post-1250","page","type-page","status-publish","hentry"],"_links":{"self":[{"href":"https:\/\/ecorenobat.fr\/index.php?rest_route=\/wp\/v2\/pages\/1250","targetHints":{"allow":["GET"]}}],"collection":[{"href":"https:\/\/ecorenobat.fr\/index.php?rest_route=\/wp\/v2\/pages"}],"about":[{"href":"https:\/\/ecorenobat.fr\/index.php?rest_route=\/wp\/v2\/types\/page"}],"author":[{"embeddable":true,"href":"https:\/\/ecorenobat.fr\/index.php?rest_route=\/wp\/v2\/users\/1"}],"replies":[{"embeddable":true,"href":"https:\/\/ecorenobat.fr\/index.php?rest_route=%2Fwp%2Fv2%2Fcomments&post=1250"}],"version-history":[{"count":8,"href":"https:\/\/ecorenobat.fr\/index.php?rest_route=\/wp\/v2\/pages\/1250\/revisions"}],"predecessor-version":[{"id":1324,"href":"https:\/\/ecorenobat.fr\/index.php?rest_route=\/wp\/v2\/pages\/1250\/revisions\/1324"}],"wp:attachment":[{"href":"https:\/\/ecorenobat.fr\/index.php?rest_route=%2Fwp%2Fv2%2Fmedia&parent=1250"}],"curies":[{"name":"wp","href":"https:\/\/api.w.org\/{rel}","templated":true}]}}