{"id":1248,"date":"2025-12-16T15:07:10","date_gmt":"2025-12-16T14:07:10","guid":{"rendered":"https:\/\/ecorenobat.fr\/?page_id=1248"},"modified":"2025-12-16T16:50:31","modified_gmt":"2025-12-16T15:50:31","slug":"renovation-salle-de-bain","status":"publish","type":"page","link":"https:\/\/ecorenobat.fr\/?page_id=1248","title":{"rendered":"R\u00e9novation d&rsquo;une salle de bain"},"content":{"rendered":"\t\t<div data-elementor-type=\"wp-page\" data-elementor-id=\"1248\" class=\"elementor elementor-1248\" data-elementor-post-type=\"page\">\n\t\t\t\t\t\t<section class=\"elementor-section elementor-top-section elementor-element elementor-element-a5cabbe elementor-section-boxed elementor-section-height-default elementor-section-height-default\" data-id=\"a5cabbe\" data-element_type=\"section\">\n\t\t\t\t\t\t<div class=\"elementor-container elementor-column-gap-default\">\n\t\t\t\t\t<div class=\"elementor-column elementor-col-100 elementor-top-column elementor-element elementor-element-df6480a\" data-id=\"df6480a\" data-element_type=\"column\">\n\t\t\t<div class=\"elementor-widget-wrap elementor-element-populated\">\n\t\t\t\t\t\t<div class=\"elementor-element elementor-element-a2abf1b elementor-widget elementor-widget-heading\" data-id=\"a2abf1b\" data-element_type=\"widget\" data-widget_type=\"heading.default\">\n\t\t\t\t<div class=\"elementor-widget-container\">\n\t\t\t\t\t<h1 class=\"elementor-heading-title elementor-size-default\">Chantier de r\u00e9novation d'une salle de bain<\/h1>\t\t\t\t<\/div>\n\t\t\t\t<\/div>\n\t\t\t\t\t<\/div>\n\t\t<\/div>\n\t\t\t\t\t<\/div>\n\t\t<\/section>\n\t\t\t\t<section class=\"elementor-section elementor-top-section elementor-element elementor-element-b6051b2 elementor-section-boxed elementor-section-height-default elementor-section-height-default\" data-id=\"b6051b2\" data-element_type=\"section\">\n\t\t\t\t\t\t<div class=\"elementor-container elementor-column-gap-default\">\n\t\t\t\t\t<div class=\"elementor-column elementor-col-100 elementor-top-column elementor-element elementor-element-cd8af1f\" data-id=\"cd8af1f\" data-element_type=\"column\">\n\t\t\t<div class=\"elementor-widget-wrap elementor-element-populated\">\n\t\t\t\t\t\t<div class=\"elementor-element elementor-element-a8f7520 elementor-widget elementor-widget-spacer\" data-id=\"a8f7520\" data-element_type=\"widget\" data-widget_type=\"spacer.default\">\n\t\t\t\t<div class=\"elementor-widget-container\">\n\t\t\t\t\t\t\t<div class=\"elementor-spacer\">\n\t\t\t<div class=\"elementor-spacer-inner\"><\/div>\n\t\t<\/div>\n\t\t\t\t\t\t<\/div>\n\t\t\t\t<\/div>\n\t\t\t\t\t<\/div>\n\t\t<\/div>\n\t\t\t\t\t<\/div>\n\t\t<\/section>\n\t\t\t\t<section class=\"elementor-section elementor-top-section elementor-element elementor-element-991daae elementor-section-boxed elementor-section-height-default elementor-section-height-default\" data-id=\"991daae\" data-element_type=\"section\">\n\t\t\t\t\t\t<div class=\"elementor-container elementor-column-gap-default\">\n\t\t\t\t\t<div class=\"elementor-column elementor-col-100 elementor-top-column elementor-element elementor-element-f340bee\" data-id=\"f340bee\" data-element_type=\"column\">\n\t\t\t<div class=\"elementor-widget-wrap elementor-element-populated\">\n\t\t\t\t\t\t<div class=\"elementor-element elementor-element-8d3203c elementor-widget elementor-widget-text-editor\" data-id=\"8d3203c\" data-element_type=\"widget\" data-widget_type=\"text-editor.default\">\n\t\t\t\t<div class=\"elementor-widget-container\">\n\t\t\t\t\t\t\t\t\t<p>L&rsquo;objectif de ce chantier \u00e9tait la r\u00e9novation compl\u00e8te d&rsquo;une salle de bain pour gagner en confort.<\/p><p>Le sol et le mobilier ont \u00e9t\u00e9 int\u00e9gralement renouvel\u00e9s, tout comme la robinetterie. Les toilettes ont \u00e9galement \u00e9t\u00e9 chang\u00e9es et d\u00e9plac\u00e9es pour optimiser l&rsquo;espace. Enfin, une nouvelle baignoire a \u00e9t\u00e9 pos\u00e9e et une douche a \u00e9t\u00e9 cr\u00e9\u00e9e.<\/p>\t\t\t\t\t\t\t\t<\/div>\n\t\t\t\t<\/div>\n\t\t\t\t\t<\/div>\n\t\t<\/div>\n\t\t\t\t\t<\/div>\n\t\t<\/section>\n\t\t\t\t<section class=\"elementor-section elementor-top-section elementor-element elementor-element-5330214 elementor-section-boxed elementor-section-height-default elementor-section-height-default\" data-id=\"5330214\" data-element_type=\"section\">\n\t\t\t\t\t\t<div class=\"elementor-container elementor-column-gap-default\">\n\t\t\t\t\t<div class=\"elementor-column elementor-col-100 elementor-top-column elementor-element elementor-element-6a37924\" data-id=\"6a37924\" data-element_type=\"column\">\n\t\t\t<div class=\"elementor-widget-wrap elementor-element-populated\">\n\t\t\t\t\t\t<div class=\"elementor-element elementor-element-4635916 elementor-widget elementor-widget-spacer\" data-id=\"4635916\" data-element_type=\"widget\" data-widget_type=\"spacer.default\">\n\t\t\t\t<div class=\"elementor-widget-container\">\n\t\t\t\t\t\t\t<div class=\"elementor-spacer\">\n\t\t\t<div class=\"elementor-spacer-inner\"><\/div>\n\t\t<\/div>\n\t\t\t\t\t\t<\/div>\n\t\t\t\t<\/div>\n\t\t\t\t\t<\/div>\n\t\t<\/div>\n\t\t\t\t\t<\/div>\n\t\t<\/section>\n\t\t\t\t<section class=\"elementor-section elementor-top-section elementor-element elementor-element-abc9cef elementor-section-boxed elementor-section-height-default elementor-section-height-default\" data-id=\"abc9cef\" data-element_type=\"section\">\n\t\t\t\t\t\t<div class=\"elementor-container elementor-column-gap-default\">\n\t\t\t\t\t<div class=\"elementor-column elementor-col-100 elementor-top-column elementor-element elementor-element-cf8b453\" data-id=\"cf8b453\" data-element_type=\"column\">\n\t\t\t<div class=\"elementor-widget-wrap elementor-element-populated\">\n\t\t\t\t\t\t<div class=\"elementor-element elementor-element-f7fe57e elementor-widget elementor-widget-heading\" data-id=\"f7fe57e\" data-element_type=\"widget\" data-widget_type=\"heading.default\">\n\t\t\t\t<div class=\"elementor-widget-container\">\n\t\t\t\t\t<h2 class=\"elementor-heading-title elementor-size-default\">La salle de bain avant sa r\u00e9novation :<\/h2>\t\t\t\t<\/div>\n\t\t\t\t<\/div>\n\t\t\t\t<div class=\"elementor-element elementor-element-59f1579 elementor-widget elementor-widget-spacer\" data-id=\"59f1579\" data-element_type=\"widget\" data-widget_type=\"spacer.default\">\n\t\t\t\t<div class=\"elementor-widget-container\">\n\t\t\t\t\t\t\t<div class=\"elementor-spacer\">\n\t\t\t<div class=\"elementor-spacer-inner\"><\/div>\n\t\t<\/div>\n\t\t\t\t\t\t<\/div>\n\t\t\t\t<\/div>\n\t\t\t\t\t<\/div>\n\t\t<\/div>\n\t\t\t\t\t<\/div>\n\t\t<\/section>\n\t\t\t\t<section class=\"elementor-section elementor-top-section elementor-element elementor-element-fcc6aad elementor-section-boxed elementor-section-height-default elementor-section-height-default\" data-id=\"fcc6aad\" data-element_type=\"section\">\n\t\t\t\t\t\t<div class=\"elementor-container elementor-column-gap-default\">\n\t\t\t\t\t<div class=\"elementor-column elementor-col-33 elementor-top-column elementor-element elementor-element-ad7ddc5\" data-id=\"ad7ddc5\" data-element_type=\"column\">\n\t\t\t<div class=\"elementor-widget-wrap elementor-element-populated\">\n\t\t\t\t\t\t<div class=\"elementor-element elementor-element-73b5ae4 elementor-widget elementor-widget-image\" data-id=\"73b5ae4\" data-element_type=\"widget\" data-widget_type=\"image.default\">\n\t\t\t\t<div class=\"elementor-widget-container\">\n\t\t\t\t\t\t\t\t\t\t\t\t\t\t\t<img fetchpriority=\"high\" decoding=\"async\" width=\"768\" height=\"1024\" src=\"https:\/\/ecorenobat.fr\/wp-content\/uploads\/2025\/12\/WhatsApp-Image-2025-12-16-at-09.24.46-768x1024.jpeg\" class=\"attachment-medium_large size-medium_large wp-image-1261\" alt=\"\" srcset=\"https:\/\/ecorenobat.fr\/wp-content\/uploads\/2025\/12\/WhatsApp-Image-2025-12-16-at-09.24.46-768x1024.jpeg 768w, https:\/\/ecorenobat.fr\/wp-content\/uploads\/2025\/12\/WhatsApp-Image-2025-12-16-at-09.24.46-225x300.jpeg 225w, https:\/\/ecorenobat.fr\/wp-content\/uploads\/2025\/12\/WhatsApp-Image-2025-12-16-at-09.24.46-1152x1536.jpeg 1152w, https:\/\/ecorenobat.fr\/wp-content\/uploads\/2025\/12\/WhatsApp-Image-2025-12-16-at-09.24.46.jpeg 1200w\" sizes=\"(max-width: 768px) 100vw, 768px\" \/>\t\t\t\t\t\t\t\t\t\t\t\t\t\t\t<\/div>\n\t\t\t\t<\/div>\n\t\t\t\t\t<\/div>\n\t\t<\/div>\n\t\t\t\t<div class=\"elementor-column elementor-col-33 elementor-top-column elementor-element elementor-element-ea0be6b\" data-id=\"ea0be6b\" data-element_type=\"column\">\n\t\t\t<div class=\"elementor-widget-wrap elementor-element-populated\">\n\t\t\t\t\t\t<div class=\"elementor-element elementor-element-a4ba0b8 elementor-widget elementor-widget-image\" data-id=\"a4ba0b8\" data-element_type=\"widget\" data-widget_type=\"image.default\">\n\t\t\t\t<div class=\"elementor-widget-container\">\n\t\t\t\t\t\t\t\t\t\t\t\t\t\t\t<img decoding=\"async\" width=\"768\" height=\"1024\" src=\"https:\/\/ecorenobat.fr\/wp-content\/uploads\/2025\/12\/WhatsApp-Image-2025-12-16-at-09.24.46-2-768x1024.jpeg\" class=\"attachment-medium_large size-medium_large wp-image-1259\" alt=\"\" srcset=\"https:\/\/ecorenobat.fr\/wp-content\/uploads\/2025\/12\/WhatsApp-Image-2025-12-16-at-09.24.46-2-768x1024.jpeg 768w, https:\/\/ecorenobat.fr\/wp-content\/uploads\/2025\/12\/WhatsApp-Image-2025-12-16-at-09.24.46-2-225x300.jpeg 225w, https:\/\/ecorenobat.fr\/wp-content\/uploads\/2025\/12\/WhatsApp-Image-2025-12-16-at-09.24.46-2-1152x1536.jpeg 1152w, https:\/\/ecorenobat.fr\/wp-content\/uploads\/2025\/12\/WhatsApp-Image-2025-12-16-at-09.24.46-2.jpeg 1200w\" sizes=\"(max-width: 768px) 100vw, 768px\" \/>\t\t\t\t\t\t\t\t\t\t\t\t\t\t\t<\/div>\n\t\t\t\t<\/div>\n\t\t\t\t\t<\/div>\n\t\t<\/div>\n\t\t\t\t<div class=\"elementor-column elementor-col-33 elementor-top-column elementor-element elementor-element-a9ac644\" data-id=\"a9ac644\" data-element_type=\"column\">\n\t\t\t<div class=\"elementor-widget-wrap elementor-element-populated\">\n\t\t\t\t\t\t<div class=\"elementor-element elementor-element-63d76e6 elementor-widget elementor-widget-image\" data-id=\"63d76e6\" data-element_type=\"widget\" data-widget_type=\"image.default\">\n\t\t\t\t<div class=\"elementor-widget-container\">\n\t\t\t\t\t\t\t\t\t\t\t\t\t\t\t<img decoding=\"async\" width=\"768\" height=\"1024\" src=\"https:\/\/ecorenobat.fr\/wp-content\/uploads\/2025\/12\/WhatsApp-Image-2025-12-16-at-09.24.46-1-768x1024.jpeg\" class=\"attachment-medium_large size-medium_large wp-image-1260\" alt=\"\" srcset=\"https:\/\/ecorenobat.fr\/wp-content\/uploads\/2025\/12\/WhatsApp-Image-2025-12-16-at-09.24.46-1-768x1024.jpeg 768w, https:\/\/ecorenobat.fr\/wp-content\/uploads\/2025\/12\/WhatsApp-Image-2025-12-16-at-09.24.46-1-225x300.jpeg 225w, https:\/\/ecorenobat.fr\/wp-content\/uploads\/2025\/12\/WhatsApp-Image-2025-12-16-at-09.24.46-1-1152x1536.jpeg 1152w, https:\/\/ecorenobat.fr\/wp-content\/uploads\/2025\/12\/WhatsApp-Image-2025-12-16-at-09.24.46-1.jpeg 1200w\" sizes=\"(max-width: 768px) 100vw, 768px\" \/>\t\t\t\t\t\t\t\t\t\t\t\t\t\t\t<\/div>\n\t\t\t\t<\/div>\n\t\t\t\t\t<\/div>\n\t\t<\/div>\n\t\t\t\t\t<\/div>\n\t\t<\/section>\n\t\t\t\t<section class=\"elementor-section elementor-top-section elementor-element elementor-element-9eab316 elementor-section-boxed elementor-section-height-default elementor-section-height-default\" data-id=\"9eab316\" data-element_type=\"section\">\n\t\t\t\t\t\t<div class=\"elementor-container elementor-column-gap-default\">\n\t\t\t\t\t<div class=\"elementor-column elementor-col-100 elementor-top-column elementor-element elementor-element-a29479d\" data-id=\"a29479d\" data-element_type=\"column\">\n\t\t\t<div class=\"elementor-widget-wrap elementor-element-populated\">\n\t\t\t\t\t\t<div class=\"elementor-element elementor-element-74f08bc elementor-widget elementor-widget-spacer\" data-id=\"74f08bc\" data-element_type=\"widget\" data-widget_type=\"spacer.default\">\n\t\t\t\t<div class=\"elementor-widget-container\">\n\t\t\t\t\t\t\t<div class=\"elementor-spacer\">\n\t\t\t<div class=\"elementor-spacer-inner\"><\/div>\n\t\t<\/div>\n\t\t\t\t\t\t<\/div>\n\t\t\t\t<\/div>\n\t\t\t\t\t<\/div>\n\t\t<\/div>\n\t\t\t\t\t<\/div>\n\t\t<\/section>\n\t\t\t\t<section class=\"elementor-section elementor-top-section elementor-element elementor-element-37d1697 elementor-section-boxed elementor-section-height-default elementor-section-height-default\" data-id=\"37d1697\" data-element_type=\"section\">\n\t\t\t\t\t\t<div class=\"elementor-container elementor-column-gap-default\">\n\t\t\t\t\t<div class=\"elementor-column elementor-col-100 elementor-top-column elementor-element elementor-element-a32da01\" data-id=\"a32da01\" data-element_type=\"column\">\n\t\t\t<div class=\"elementor-widget-wrap elementor-element-populated\">\n\t\t\t\t\t\t<div class=\"elementor-element elementor-element-08decb8 elementor-widget elementor-widget-heading\" data-id=\"08decb8\" data-element_type=\"widget\" data-widget_type=\"heading.default\">\n\t\t\t\t<div class=\"elementor-widget-container\">\n\t\t\t\t\t<h2 class=\"elementor-heading-title elementor-size-default\">La salle de bain apr\u00e8s sa r\u00e9novation :<\/h2>\t\t\t\t<\/div>\n\t\t\t\t<\/div>\n\t\t\t\t<div class=\"elementor-element elementor-element-e8544a5 elementor-widget elementor-widget-spacer\" data-id=\"e8544a5\" data-element_type=\"widget\" data-widget_type=\"spacer.default\">\n\t\t\t\t<div class=\"elementor-widget-container\">\n\t\t\t\t\t\t\t<div class=\"elementor-spacer\">\n\t\t\t<div class=\"elementor-spacer-inner\"><\/div>\n\t\t<\/div>\n\t\t\t\t\t\t<\/div>\n\t\t\t\t<\/div>\n\t\t\t\t\t<\/div>\n\t\t<\/div>\n\t\t\t\t\t<\/div>\n\t\t<\/section>\n\t\t\t\t<section class=\"elementor-section elementor-top-section elementor-element elementor-element-a517f5b elementor-section-boxed elementor-section-height-default elementor-section-height-default\" data-id=\"a517f5b\" data-element_type=\"section\">\n\t\t\t\t\t\t<div class=\"elementor-container elementor-column-gap-default\">\n\t\t\t\t\t<div class=\"elementor-column elementor-col-33 elementor-top-column elementor-element elementor-element-91ef6b1\" data-id=\"91ef6b1\" data-element_type=\"column\">\n\t\t\t<div class=\"elementor-widget-wrap elementor-element-populated\">\n\t\t\t\t\t\t<div class=\"elementor-element elementor-element-e81e659 elementor-widget elementor-widget-image\" data-id=\"e81e659\" data-element_type=\"widget\" data-widget_type=\"image.default\">\n\t\t\t\t<div class=\"elementor-widget-container\">\n\t\t\t\t\t\t\t\t\t\t\t\t\t\t\t<img loading=\"lazy\" decoding=\"async\" width=\"768\" height=\"1024\" src=\"https:\/\/ecorenobat.fr\/wp-content\/uploads\/2025\/12\/WhatsApp-Image-2025-12-16-at-09.24.45-768x1024.jpeg\" class=\"attachment-medium_large size-medium_large wp-image-1257\" alt=\"\" srcset=\"https:\/\/ecorenobat.fr\/wp-content\/uploads\/2025\/12\/WhatsApp-Image-2025-12-16-at-09.24.45-768x1024.jpeg 768w, https:\/\/ecorenobat.fr\/wp-content\/uploads\/2025\/12\/WhatsApp-Image-2025-12-16-at-09.24.45-225x300.jpeg 225w, https:\/\/ecorenobat.fr\/wp-content\/uploads\/2025\/12\/WhatsApp-Image-2025-12-16-at-09.24.45-1152x1536.jpeg 1152w, https:\/\/ecorenobat.fr\/wp-content\/uploads\/2025\/12\/WhatsApp-Image-2025-12-16-at-09.24.45.jpeg 1200w\" sizes=\"(max-width: 768px) 100vw, 768px\" \/>\t\t\t\t\t\t\t\t\t\t\t\t\t\t\t<\/div>\n\t\t\t\t<\/div>\n\t\t\t\t\t<\/div>\n\t\t<\/div>\n\t\t\t\t<div class=\"elementor-column elementor-col-33 elementor-top-column elementor-element elementor-element-67b8dd7\" data-id=\"67b8dd7\" data-element_type=\"column\">\n\t\t\t<div class=\"elementor-widget-wrap elementor-element-populated\">\n\t\t\t\t\t\t<div class=\"elementor-element elementor-element-1199fbb elementor-widget elementor-widget-image\" data-id=\"1199fbb\" data-element_type=\"widget\" data-widget_type=\"image.default\">\n\t\t\t\t<div class=\"elementor-widget-container\">\n\t\t\t\t\t\t\t\t\t\t\t\t\t\t\t<img loading=\"lazy\" decoding=\"async\" width=\"768\" height=\"1024\" src=\"https:\/\/ecorenobat.fr\/wp-content\/uploads\/2025\/12\/WhatsApp-Image-2025-12-16-at-09.24.45-1-768x1024.jpeg\" class=\"attachment-medium_large size-medium_large wp-image-1262\" alt=\"\" srcset=\"https:\/\/ecorenobat.fr\/wp-content\/uploads\/2025\/12\/WhatsApp-Image-2025-12-16-at-09.24.45-1-768x1024.jpeg 768w, https:\/\/ecorenobat.fr\/wp-content\/uploads\/2025\/12\/WhatsApp-Image-2025-12-16-at-09.24.45-1-225x300.jpeg 225w, https:\/\/ecorenobat.fr\/wp-content\/uploads\/2025\/12\/WhatsApp-Image-2025-12-16-at-09.24.45-1-1152x1536.jpeg 1152w, https:\/\/ecorenobat.fr\/wp-content\/uploads\/2025\/12\/WhatsApp-Image-2025-12-16-at-09.24.45-1.jpeg 1200w\" sizes=\"(max-width: 768px) 100vw, 768px\" \/>\t\t\t\t\t\t\t\t\t\t\t\t\t\t\t<\/div>\n\t\t\t\t<\/div>\n\t\t\t\t\t<\/div>\n\t\t<\/div>\n\t\t\t\t<div class=\"elementor-column elementor-col-33 elementor-top-column elementor-element elementor-element-851b57c\" data-id=\"851b57c\" data-element_type=\"column\">\n\t\t\t<div class=\"elementor-widget-wrap elementor-element-populated\">\n\t\t\t\t\t\t<div class=\"elementor-element elementor-element-9cab81f elementor-widget elementor-widget-image\" data-id=\"9cab81f\" data-element_type=\"widget\" data-widget_type=\"image.default\">\n\t\t\t\t<div class=\"elementor-widget-container\">\n\t\t\t\t\t\t\t\t\t\t\t\t\t\t\t<img loading=\"lazy\" decoding=\"async\" width=\"768\" height=\"1024\" src=\"https:\/\/ecorenobat.fr\/wp-content\/uploads\/2025\/12\/WhatsApp-Image-2025-12-16-at-09.25.16-768x1024.jpeg\" class=\"attachment-medium_large size-medium_large wp-image-1258\" alt=\"\" srcset=\"https:\/\/ecorenobat.fr\/wp-content\/uploads\/2025\/12\/WhatsApp-Image-2025-12-16-at-09.25.16-768x1024.jpeg 768w, https:\/\/ecorenobat.fr\/wp-content\/uploads\/2025\/12\/WhatsApp-Image-2025-12-16-at-09.25.16-225x300.jpeg 225w, https:\/\/ecorenobat.fr\/wp-content\/uploads\/2025\/12\/WhatsApp-Image-2025-12-16-at-09.25.16-1152x1536.jpeg 1152w, https:\/\/ecorenobat.fr\/wp-content\/uploads\/2025\/12\/WhatsApp-Image-2025-12-16-at-09.25.16.jpeg 1200w\" sizes=\"(max-width: 768px) 100vw, 768px\" \/>\t\t\t\t\t\t\t\t\t\t\t\t\t\t\t<\/div>\n\t\t\t\t<\/div>\n\t\t\t\t\t<\/div>\n\t\t<\/div>\n\t\t\t\t\t<\/div>\n\t\t<\/section>\n\t\t\t\t<\/div>\n\t\t","protected":false},"excerpt":{"rendered":"<p>Chantier de r\u00e9novation d&rsquo;une salle de bain L&rsquo;objectif de ce chantier \u00e9tait la r\u00e9novation compl\u00e8te d&rsquo;une salle de bain pour gagner en confort. Le sol et le mobilier ont \u00e9t\u00e9 int\u00e9gralement renouvel\u00e9s, tout comme la robinetterie. Les toilettes ont \u00e9galement \u00e9t\u00e9 chang\u00e9es et d\u00e9plac\u00e9es pour optimiser l&rsquo;espace. Enfin, une nouvelle baignoire a \u00e9t\u00e9 pos\u00e9e et [&hellip;]<\/p>\n","protected":false},"author":1,"featured_media":0,"parent":0,"menu_order":0,"comment_status":"closed","ping_status":"closed","template":"","meta":{"footnotes":""},"class_list":["post-1248","page","type-page","status-publish","hentry"],"_links":{"self":[{"href":"https:\/\/ecorenobat.fr\/index.php?rest_route=\/wp\/v2\/pages\/1248","targetHints":{"allow":["GET"]}}],"collection":[{"href":"https:\/\/ecorenobat.fr\/index.php?rest_route=\/wp\/v2\/pages"}],"about":[{"href":"https:\/\/ecorenobat.fr\/index.php?rest_route=\/wp\/v2\/types\/page"}],"author":[{"embeddable":true,"href":"https:\/\/ecorenobat.fr\/index.php?rest_route=\/wp\/v2\/users\/1"}],"replies":[{"embeddable":true,"href":"https:\/\/ecorenobat.fr\/index.php?rest_route=%2Fwp%2Fv2%2Fcomments&post=1248"}],"version-history":[{"count":21,"href":"https:\/\/ecorenobat.fr\/index.php?rest_route=\/wp\/v2\/pages\/1248\/revisions"}],"predecessor-version":[{"id":1297,"href":"https:\/\/ecorenobat.fr\/index.php?rest_route=\/wp\/v2\/pages\/1248\/revisions\/1297"}],"wp:attachment":[{"href":"https:\/\/ecorenobat.fr\/index.php?rest_route=%2Fwp%2Fv2%2Fmedia&parent=1248"}],"curies":[{"name":"wp","href":"https:\/\/api.w.org\/{rel}","templated":true}]}}